{"id":302,"date":"2019-06-06T13:03:03","date_gmt":"2019-06-06T19:03:03","guid":{"rendered":"http:\/\/www.andi.hn\/boletin\/?page_id=302"},"modified":"2019-06-07T15:43:30","modified_gmt":"2019-06-07T21:43:30","slug":"junio-2019-2","status":"publish","type":"page","link":"https:\/\/www.andi.hn\/boletin\/junio-2019-2\/","title":{"rendered":"Junio 2019"},"content":{"rendered":"<p>[vc_row][vc_column][vc_column_text]<\/p>\n<h1>Noticias &#8211; Junio 2019<\/h1>\n<p>[\/vc_column_text][\/vc_column][\/vc_row][vc_row][vc_column]\n\t<section class=\"cf block loop-grid\" data-id=\"1\">\n\t\n\t\t\t\t\n\t\t<div class=\"block-content\">\n\t\t\n\t<div class=\"posts-dynamic posts-container ts-row grid count-0 has-grid-2\">\n\t\t\t\n\t\t\t\t\t\n\t\t\t\t\t\t\n\t\t\t\t\t\t\t\n\t\t\t\t\t\t\t\t\n\t\t\t\t<div class=\"posts-wrap\">\t\t\t\t\n\t\t\t\t\t\t\n\t\t\t\t\t\t\n\t\t\t\t\t\t\t\t\n\t\t\t\t\t<div class=\"col-6\">\t\n\t\t\t\t\t\t\n<article id=\"post-400\" class=\"grid-post post-400 post type-post status-publish format-standard has-post-thumbnail category-noticias tag-comunidad tag-ddhh tag-derechos-humanos tag-desarrollo tag-honduras tag-industria tag-junio-2019 tag-medio-ambiente tag-ods tag-paniddhh tag-progreso has-excerpt grid-cols-2\">\n\t\n\t<div class=\"post-header cf\">\n\t\t\t\n\t\t<div class=\"post-thumb\">\n\t\t\t<a href=\"https:\/\/www.andi.hn\/boletin\/como-parte-de-su-contribucion-al-medio-ambiente-grupo-jaremar-lanza-programa-marcas-de-amor\/\" class=\"image-link\">\n\t\t\t\n\t\t\t\t<img width=\"370\" height=\"285\" src=\"https:\/\/www.andi.hn\/boletin\/wp-content\/uploads\/2019\/06\/Principal-SPS-Miriam-Tr\u00f3chez-Sonia-Mejia-Pili-Luna-y-ni\u00f1os-de-la-Escuela-Ram\u00f3n-Amaya-Amador-370x285.jpg\" class=\"attachment-cheerup-grid size-cheerup-grid wp-post-image\" alt=\"\" loading=\"lazy\" title=\"Como parte de su contribuci\u00f3n al Medio Ambiente: Grupo Jaremar lanza programa \u00abMarcas de Amor\u00bb\" srcset=\"https:\/\/www.andi.hn\/boletin\/wp-content\/uploads\/2019\/06\/Principal-SPS-Miriam-Tr\u00f3chez-Sonia-Mejia-Pili-Luna-y-ni\u00f1os-de-la-Escuela-Ram\u00f3n-Amaya-Amador-370x285.jpg 370w, https:\/\/www.andi.hn\/boletin\/wp-content\/uploads\/2019\/06\/Principal-SPS-Miriam-Tr\u00f3chez-Sonia-Mejia-Pili-Luna-y-ni\u00f1os-de-la-Escuela-Ram\u00f3n-Amaya-Amador-260x200.jpg 260w, https:\/\/www.andi.hn\/boletin\/wp-content\/uploads\/2019\/06\/Principal-SPS-Miriam-Tr\u00f3chez-Sonia-Mejia-Pili-Luna-y-ni\u00f1os-de-la-Escuela-Ram\u00f3n-Amaya-Amador-87x67.jpg 87w\" sizes=\"(max-width: 370px) 100vw, 370px\" \/>\t\t\t\t\t\n\t\t\t\t\n\t\t\t<\/a>\n\t\t\t\n\t\t\t\t\t<\/div>\n\t\t\n\t\t<div class=\"meta-title\">\n\t\t\n\t\t\t\t<div class=\"post-meta post-meta-a\">\n\t\t\n\t\t\t\t\n\t\t\t<span class=\"post-cat\">\t\n\t\t\t\t\t\t\t\t\t\n\t\t<a href=\"https:\/\/www.andi.hn\/boletin\/category\/noticias\/\" class=\"category\">Noticias<\/a>\n\n\t\t\t\t\t<\/span>\n\t\t\t\n\t\t\t<span class=\"meta-sep\"><\/span>\n\t\t\t\n\t\t\t\t\t\n\t\t\t\t\t<a href=\"https:\/\/www.andi.hn\/boletin\/como-parte-de-su-contribucion-al-medio-ambiente-grupo-jaremar-lanza-programa-marcas-de-amor\/\" class=\"date-link\"><time class=\"post-date\" datetime=\"2019-06-07T10:35:41-06:00\">7 junio, 2019<\/time><\/a>\n\t\t\t\t\n\t\t\t\t\t\n\t\t\t\n\t\t\t<h2 class=\"post-title-alt\">\n\t\t\t\t\t\t\t\n\t\t\t\t<a href=\"https:\/\/www.andi.hn\/boletin\/como-parte-de-su-contribucion-al-medio-ambiente-grupo-jaremar-lanza-programa-marcas-de-amor\/\">Como parte de su contribuci\u00f3n al Medio Ambiente: Grupo Jaremar lanza programa \u00abMarcas de Amor\u00bb<\/a>\n\t\t\t\t\t\n\t\t\t\t\t\t\t<\/h2>\n\t\t\t\n\t\t\n\t<\/div>\t\t\n\t\t<\/div>\n\t\t\n\t<\/div><!-- .post-header -->\n\n\t\t<div class=\"post-content post-excerpt cf\">\n\t\t<p>Grupo Jaremar, lanz\u00f3 su programa \u201cMarcas de Amor\u201d bajo su Pilar de Medio Ambiente, reafirmando su compromiso como empresa socialmente responsable, consciente de la importancia del cuidado del&hellip;<\/p>\n\t\t\t\n\t<\/div><!-- .post-content -->\n\t\t\n\t\t\n\t\t\n<\/article>\n\t\t\t\t\t<\/div>\n\t\t\t\t\t\n\t\t\t\t\t\t\t\t\t\n\t\t\t\t\t\t\n\t\t\t\t\t\n\t\t\t\t\t\t\n\t\t\t\t\t\t\n\t\t\t\t\t\t\t\t\n\t\t\t\t\t<div class=\"col-6\">\t\n\t\t\t\t\t\t\n<article id=\"post-396\" class=\"grid-post post-396 post type-post status-publish format-standard has-post-thumbnail category-noticias tag-comunidad tag-ddhh tag-derechos-humanos tag-desarrollo tag-donaciones tag-honduras tag-industria tag-junio-2019 tag-medicinas tag-ods tag-paniddhh tag-progreso tag-salud has-excerpt grid-cols-2\">\n\t\n\t<div class=\"post-header cf\">\n\t\t\t\n\t\t<div class=\"post-thumb\">\n\t\t\t<a href=\"https:\/\/www.andi.hn\/boletin\/grupo-jaremar-continua-beneficiando-cientos-de-familias-a-traves-de-su-programa-de-brigadas-medicas\/\" class=\"image-link\">\n\t\t\t\n\t\t\t\t<img width=\"370\" height=\"285\" src=\"https:\/\/www.andi.hn\/boletin\/wp-content\/uploads\/2019\/06\/Principal-1-370x285.jpg\" class=\"attachment-cheerup-grid size-cheerup-grid wp-post-image\" alt=\"\" loading=\"lazy\" title=\"Grupo Jaremar contin\u00faa beneficiando cientos de familias a trav\u00e9s de su programa de Brigadas M\u00e9dicas.\" srcset=\"https:\/\/www.andi.hn\/boletin\/wp-content\/uploads\/2019\/06\/Principal-1-370x285.jpg 370w, https:\/\/www.andi.hn\/boletin\/wp-content\/uploads\/2019\/06\/Principal-1-260x200.jpg 260w, https:\/\/www.andi.hn\/boletin\/wp-content\/uploads\/2019\/06\/Principal-1-87x67.jpg 87w\" sizes=\"(max-width: 370px) 100vw, 370px\" \/>\t\t\t\t\t\n\t\t\t\t\n\t\t\t<\/a>\n\t\t\t\n\t\t\t\t\t<\/div>\n\t\t\n\t\t<div class=\"meta-title\">\n\t\t\n\t\t\t\t<div class=\"post-meta post-meta-a\">\n\t\t\n\t\t\t\t\n\t\t\t<span class=\"post-cat\">\t\n\t\t\t\t\t\t\t\t\t\n\t\t<a href=\"https:\/\/www.andi.hn\/boletin\/category\/noticias\/\" class=\"category\">Noticias<\/a>\n\n\t\t\t\t\t<\/span>\n\t\t\t\n\t\t\t<span class=\"meta-sep\"><\/span>\n\t\t\t\n\t\t\t\t\t\n\t\t\t\t\t<a href=\"https:\/\/www.andi.hn\/boletin\/grupo-jaremar-continua-beneficiando-cientos-de-familias-a-traves-de-su-programa-de-brigadas-medicas\/\" class=\"date-link\"><time class=\"post-date\" datetime=\"2019-06-07T10:31:53-06:00\">7 junio, 2019<\/time><\/a>\n\t\t\t\t\n\t\t\t\t\t\n\t\t\t\n\t\t\t<h2 class=\"post-title-alt\">\n\t\t\t\t\t\t\t\n\t\t\t\t<a href=\"https:\/\/www.andi.hn\/boletin\/grupo-jaremar-continua-beneficiando-cientos-de-familias-a-traves-de-su-programa-de-brigadas-medicas\/\">Grupo Jaremar contin\u00faa beneficiando cientos de familias a trav\u00e9s de su programa de Brigadas M\u00e9dicas.<\/a>\n\t\t\t\t\t\n\t\t\t\t\t\t\t<\/h2>\n\t\t\t\n\t\t\n\t<\/div>\t\t\n\t\t<\/div>\n\t\t\n\t<\/div><!-- .post-header -->\n\n\t\t<div class=\"post-content post-excerpt cf\">\n\t\t<p>Grupo Jaremar a trav\u00e9s de su empresa Agroaguan y en alianza con la ONG Operaci\u00f3n Bendici\u00f3n Honduras desarroll\u00f3 una Brigada M\u00e9dica en Progreso, Yoro para beneficiar a cientos&hellip;<\/p>\n\t\t\t\n\t<\/div><!-- .post-content -->\n\t\t\n\t\t\n\t\t\n<\/article>\n\t\t\t\t\t<\/div>\n\t\t\t\t\t\n\t\t\t\t\t\t\t\t\t\n\t\t\t\t\t\t\n\t\t\t\t\t\n\t\t\t\t\t\t\n\t\t\t\t\t\t\n\t\t\t\t\t\t\t\t\n\t\t\t\t\t<div class=\"col-6\">\t\n\t\t\t\t\t\t\n<article id=\"post-393\" class=\"grid-post post-393 post type-post status-publish format-standard has-post-thumbnail category-noticias tag-comunidad tag-ddhh tag-derechos-humanos tag-desarrollo tag-honduras tag-industria tag-junio-2019 tag-medio-ambiente tag-ods tag-paniddhh tag-progreso tag-reforestacion has-excerpt grid-cols-2\">\n\t\n\t<div class=\"post-header cf\">\n\t\t\t\n\t\t<div class=\"post-thumb\">\n\t\t\t<a href=\"https:\/\/www.andi.hn\/boletin\/jornada-de-reforestacion-en-san-lorenzo-por-voluntarios-de-argos\/\" class=\"image-link\">\n\t\t\t\n\t\t\t\t<img width=\"370\" height=\"285\" src=\"https:\/\/www.andi.hn\/boletin\/wp-content\/uploads\/2019\/06\/61177513_879586625723334_4161008193750695936_n-370x285.jpg\" class=\"attachment-cheerup-grid size-cheerup-grid wp-post-image\" alt=\"\" loading=\"lazy\" title=\"Jornada de Reforestaci\u00f3n en San Lorenzo por voluntarios de Argos.\" srcset=\"https:\/\/www.andi.hn\/boletin\/wp-content\/uploads\/2019\/06\/61177513_879586625723334_4161008193750695936_n-370x285.jpg 370w, https:\/\/www.andi.hn\/boletin\/wp-content\/uploads\/2019\/06\/61177513_879586625723334_4161008193750695936_n-260x200.jpg 260w, https:\/\/www.andi.hn\/boletin\/wp-content\/uploads\/2019\/06\/61177513_879586625723334_4161008193750695936_n-87x67.jpg 87w\" sizes=\"(max-width: 370px) 100vw, 370px\" \/>\t\t\t\t\t\n\t\t\t\t\n\t\t\t<\/a>\n\t\t\t\n\t\t\t\t\t<\/div>\n\t\t\n\t\t<div class=\"meta-title\">\n\t\t\n\t\t\t\t<div class=\"post-meta post-meta-a\">\n\t\t\n\t\t\t\t\n\t\t\t<span class=\"post-cat\">\t\n\t\t\t\t\t\t\t\t\t\n\t\t<a href=\"https:\/\/www.andi.hn\/boletin\/category\/noticias\/\" class=\"category\">Noticias<\/a>\n\n\t\t\t\t\t<\/span>\n\t\t\t\n\t\t\t<span class=\"meta-sep\"><\/span>\n\t\t\t\n\t\t\t\t\t\n\t\t\t\t\t<a href=\"https:\/\/www.andi.hn\/boletin\/jornada-de-reforestacion-en-san-lorenzo-por-voluntarios-de-argos\/\" class=\"date-link\"><time class=\"post-date\" datetime=\"2019-06-07T10:25:47-06:00\">7 junio, 2019<\/time><\/a>\n\t\t\t\t\n\t\t\t\t\t\n\t\t\t\n\t\t\t<h2 class=\"post-title-alt\">\n\t\t\t\t\t\t\t\n\t\t\t\t<a href=\"https:\/\/www.andi.hn\/boletin\/jornada-de-reforestacion-en-san-lorenzo-por-voluntarios-de-argos\/\">Jornada de Reforestaci\u00f3n en San Lorenzo por voluntarios de Argos.<\/a>\n\t\t\t\t\t\n\t\t\t\t\t\t\t<\/h2>\n\t\t\t\n\t\t\n\t<\/div>\t\t\n\t\t<\/div>\n\t\t\n\t<\/div><!-- .post-header -->\n\n\t\t<div class=\"post-content post-excerpt cf\">\n\t\t<p>\u00a1Jornada de reforestaci\u00f3n que embellece San Lorenzo! Con la ayuda de los voluntarios Argos y la Unidad Municipal Ambiental de la alcald\u00eda de San Lorenzo se pudo realizar&hellip;<\/p>\n\t\t\t\n\t<\/div><!-- .post-content -->\n\t\t\n\t\t\n\t\t\n<\/article>\n\t\t\t\t\t<\/div>\n\t\t\t\t\t\n\t\t\t\t\t\t\t\t\t\n\t\t\t\t\t\t\n\t\t\t\t\t\n\t\t\t\t\t\t\n\t\t\t\t\t\t\n\t\t\t\t\t\t\t\t\n\t\t\t\t\t<div class=\"col-6\">\t\n\t\t\t\t\t\t\n<article id=\"post-390\" class=\"grid-post post-390 post type-post status-publish format-standard has-post-thumbnail category-noticias tag-comunidad tag-ddhh tag-derechos-humanos tag-desarrollo tag-honduras tag-industria tag-junio-2019 tag-medio-ambiente tag-paniddhh tag-progreso has-excerpt grid-cols-2\">\n\t\n\t<div class=\"post-header cf\">\n\t\t\t\n\t\t<div class=\"post-thumb\">\n\t\t\t<a href=\"https:\/\/www.andi.hn\/boletin\/por-quinto-ano-consecutivo-argos-lanza-el-programa-una-planta-por-una-llanta\/\" class=\"image-link\">\n\t\t\t\n\t\t\t\t<img width=\"370\" height=\"285\" src=\"https:\/\/www.andi.hn\/boletin\/wp-content\/uploads\/2019\/06\/58375352_860449757637021_924189688363745280_n-370x285.jpg\" class=\"attachment-cheerup-grid size-cheerup-grid wp-post-image\" alt=\"\" loading=\"lazy\" title=\"Por quinto a\u00f1o consecutivo Argos Lanza el Programa \u201cUna Planta por una Llanta\u201d\" srcset=\"https:\/\/www.andi.hn\/boletin\/wp-content\/uploads\/2019\/06\/58375352_860449757637021_924189688363745280_n-370x285.jpg 370w, https:\/\/www.andi.hn\/boletin\/wp-content\/uploads\/2019\/06\/58375352_860449757637021_924189688363745280_n-260x200.jpg 260w, https:\/\/www.andi.hn\/boletin\/wp-content\/uploads\/2019\/06\/58375352_860449757637021_924189688363745280_n-87x67.jpg 87w\" sizes=\"(max-width: 370px) 100vw, 370px\" \/>\t\t\t\t\t\n\t\t\t\t\n\t\t\t<\/a>\n\t\t\t\n\t\t\t\t\t<\/div>\n\t\t\n\t\t<div class=\"meta-title\">\n\t\t\n\t\t\t\t<div class=\"post-meta post-meta-a\">\n\t\t\n\t\t\t\t\n\t\t\t<span class=\"post-cat\">\t\n\t\t\t\t\t\t\t\t\t\n\t\t<a href=\"https:\/\/www.andi.hn\/boletin\/category\/noticias\/\" class=\"category\">Noticias<\/a>\n\n\t\t\t\t\t<\/span>\n\t\t\t\n\t\t\t<span class=\"meta-sep\"><\/span>\n\t\t\t\n\t\t\t\t\t\n\t\t\t\t\t<a href=\"https:\/\/www.andi.hn\/boletin\/por-quinto-ano-consecutivo-argos-lanza-el-programa-una-planta-por-una-llanta\/\" class=\"date-link\"><time class=\"post-date\" datetime=\"2019-06-07T10:23:13-06:00\">7 junio, 2019<\/time><\/a>\n\t\t\t\t\n\t\t\t\t\t\n\t\t\t\n\t\t\t<h2 class=\"post-title-alt\">\n\t\t\t\t\t\t\t\n\t\t\t\t<a href=\"https:\/\/www.andi.hn\/boletin\/por-quinto-ano-consecutivo-argos-lanza-el-programa-una-planta-por-una-llanta\/\">Por quinto a\u00f1o consecutivo Argos Lanza el Programa \u201cUna Planta por una Llanta\u201d<\/a>\n\t\t\t\t\t\n\t\t\t\t\t\t\t<\/h2>\n\t\t\t\n\t\t\n\t<\/div>\t\t\n\t\t<\/div>\n\t\t\n\t<\/div><!-- .post-header -->\n\n\t\t<div class=\"post-content post-excerpt cf\">\n\t\t<p>Argos, Inauguro el Reto Centros Educativos \u00abUna Planta por una Llanta\u00bb, actividad en alianza con la Alcald\u00eda Municipal de Comayagua a favor del medio ambiente, con el objetivo&hellip;<\/p>\n\t\t\t\n\t<\/div><!-- .post-content -->\n\t\t\n\t\t\n\t\t\n<\/article>\n\t\t\t\t\t<\/div>\n\t\t\t\t\t\n\t\t\t\t\t\t\t\t\t\n\t\t\t\t\t\t\n\t\t\t\t\t\n\t\t\t\t\t\t\n\t\t\t\t\t\t\n\t\t\t\t\t\t\t\t\n\t\t\t\t\t<div class=\"col-6\">\t\n\t\t\t\t\t\t\n<article id=\"post-353\" class=\"grid-post post-353 post type-post status-publish format-standard has-post-thumbnail category-noticias tag-ddhh tag-derechos-humanos tag-desarrollo tag-educacion tag-honduras tag-industria tag-junio-2019 tag-medio-ambiente tag-ods tag-paniddhh tag-progreso has-excerpt grid-cols-2\">\n\t\n\t<div class=\"post-header cf\">\n\t\t\t\n\t\t<div class=\"post-thumb\">\n\t\t\t<a href=\"https:\/\/www.andi.hn\/boletin\/supermercados-paiz-promueve-la-campana-sinbolsasporfavor-en-centros-educativos\/\" class=\"image-link\">\n\t\t\t\n\t\t\t\t<img width=\"370\" height=\"285\" src=\"https:\/\/www.andi.hn\/boletin\/wp-content\/uploads\/2019\/06\/PHOTO-2019-04-24-13-08-07-370x285.jpg\" class=\"attachment-cheerup-grid size-cheerup-grid wp-post-image\" alt=\"\" loading=\"lazy\" title=\"Supermercados Paiz promueve la campa\u00f1a #SinBolsasPorFavor en centros educativos\" srcset=\"https:\/\/www.andi.hn\/boletin\/wp-content\/uploads\/2019\/06\/PHOTO-2019-04-24-13-08-07-370x285.jpg 370w, https:\/\/www.andi.hn\/boletin\/wp-content\/uploads\/2019\/06\/PHOTO-2019-04-24-13-08-07-260x200.jpg 260w, https:\/\/www.andi.hn\/boletin\/wp-content\/uploads\/2019\/06\/PHOTO-2019-04-24-13-08-07-87x67.jpg 87w\" sizes=\"(max-width: 370px) 100vw, 370px\" \/>\t\t\t\t\t\n\t\t\t\t\n\t\t\t<\/a>\n\t\t\t\n\t\t\t\t\t<\/div>\n\t\t\n\t\t<div class=\"meta-title\">\n\t\t\n\t\t\t\t<div class=\"post-meta post-meta-a\">\n\t\t\n\t\t\t\t\n\t\t\t<span class=\"post-cat\">\t\n\t\t\t\t\t\t\t\t\t\n\t\t<a href=\"https:\/\/www.andi.hn\/boletin\/category\/noticias\/\" class=\"category\">Noticias<\/a>\n\n\t\t\t\t\t<\/span>\n\t\t\t\n\t\t\t<span class=\"meta-sep\"><\/span>\n\t\t\t\n\t\t\t\t\t\n\t\t\t\t\t<a href=\"https:\/\/www.andi.hn\/boletin\/supermercados-paiz-promueve-la-campana-sinbolsasporfavor-en-centros-educativos\/\" class=\"date-link\"><time class=\"post-date\" datetime=\"2019-06-07T00:50:49-06:00\">7 junio, 2019<\/time><\/a>\n\t\t\t\t\n\t\t\t\t\t\n\t\t\t\n\t\t\t<h2 class=\"post-title-alt\">\n\t\t\t\t\t\t\t\n\t\t\t\t<a href=\"https:\/\/www.andi.hn\/boletin\/supermercados-paiz-promueve-la-campana-sinbolsasporfavor-en-centros-educativos\/\">Supermercados Paiz promueve la campa\u00f1a #SinBolsasPorFavor en centros educativos<\/a>\n\t\t\t\t\t\n\t\t\t\t\t\t\t<\/h2>\n\t\t\t\n\t\t\n\t<\/div>\t\t\n\t\t<\/div>\n\t\t\n\t<\/div><!-- .post-header -->\n\n\t\t<div class=\"post-content post-excerpt cf\">\n\t\t<p>Ense\u00f1ar a los ni\u00f1os, maestros y padres de familia a cuidar y defender el planeta es el objetivo del programa Escuelas Amigables con el Ambiente, una iniciativa a&hellip;<\/p>\n\t\t\t\n\t<\/div><!-- .post-content -->\n\t\t\n\t\t\n\t\t\n<\/article>\n\t\t\t\t\t<\/div>\n\t\t\t\t\t\n\t\t\t\t\t\t\t\t\t\n\t\t\t\t\t\t\n\t\t\t\t\t\n\t\t\t\t\t\t\n\t\t\t\t\t\t\n\t\t\t\t\t\t\t\t\n\t\t\t\t\t<div class=\"col-6\">\t\n\t\t\t\t\t\t\n<article id=\"post-350\" class=\"grid-post post-350 post type-post status-publish format-standard has-post-thumbnail category-noticias tag-comunidad tag-ddhh tag-derechos-humanos tag-desarrollo tag-honduras tag-industria tag-junio-2019 tag-ods tag-paniddhh tag-progreso has-excerpt grid-cols-2\">\n\t\n\t<div class=\"post-header cf\">\n\t\t\t\n\t\t<div class=\"post-thumb\">\n\t\t\t<a href=\"https:\/\/www.andi.hn\/boletin\/se-presento-avances-sobre-el-proyecto-paniddhh-al-comite-industrial-de-derechos-humanos-de-la-andi\/\" class=\"image-link\">\n\t\t\t\n\t\t\t\t<img width=\"370\" height=\"285\" src=\"https:\/\/www.andi.hn\/boletin\/wp-content\/uploads\/2019\/06\/Foto-Nota-avances-PANIDDHH-ANDI-370x285.jpg\" class=\"attachment-cheerup-grid size-cheerup-grid wp-post-image\" alt=\"\" loading=\"lazy\" title=\"Se present\u00f3 avances sobre el proyecto PANIDDHH al Comit\u00e9 Industrial de Derechos Humanos de la ANDI.\" srcset=\"https:\/\/www.andi.hn\/boletin\/wp-content\/uploads\/2019\/06\/Foto-Nota-avances-PANIDDHH-ANDI-370x285.jpg 370w, https:\/\/www.andi.hn\/boletin\/wp-content\/uploads\/2019\/06\/Foto-Nota-avances-PANIDDHH-ANDI-260x200.jpg 260w, https:\/\/www.andi.hn\/boletin\/wp-content\/uploads\/2019\/06\/Foto-Nota-avances-PANIDDHH-ANDI-87x67.jpg 87w\" sizes=\"(max-width: 370px) 100vw, 370px\" \/>\t\t\t\t\t\n\t\t\t\t\n\t\t\t<\/a>\n\t\t\t\n\t\t\t\t\t<\/div>\n\t\t\n\t\t<div class=\"meta-title\">\n\t\t\n\t\t\t\t<div class=\"post-meta post-meta-a\">\n\t\t\n\t\t\t\t\n\t\t\t<span class=\"post-cat\">\t\n\t\t\t\t\t\t\t\t\t\n\t\t<a href=\"https:\/\/www.andi.hn\/boletin\/category\/noticias\/\" class=\"category\">Noticias<\/a>\n\n\t\t\t\t\t<\/span>\n\t\t\t\n\t\t\t<span class=\"meta-sep\"><\/span>\n\t\t\t\n\t\t\t\t\t\n\t\t\t\t\t<a href=\"https:\/\/www.andi.hn\/boletin\/se-presento-avances-sobre-el-proyecto-paniddhh-al-comite-industrial-de-derechos-humanos-de-la-andi\/\" class=\"date-link\"><time class=\"post-date\" datetime=\"2019-06-07T00:48:35-06:00\">7 junio, 2019<\/time><\/a>\n\t\t\t\t\n\t\t\t\t\t\n\t\t\t\n\t\t\t<h2 class=\"post-title-alt\">\n\t\t\t\t\t\t\t\n\t\t\t\t<a href=\"https:\/\/www.andi.hn\/boletin\/se-presento-avances-sobre-el-proyecto-paniddhh-al-comite-industrial-de-derechos-humanos-de-la-andi\/\">Se present\u00f3 avances sobre el proyecto PANIDDHH al Comit\u00e9 Industrial de Derechos Humanos de la ANDI.<\/a>\n\t\t\t\t\t\n\t\t\t\t\t\t\t<\/h2>\n\t\t\t\n\t\t\n\t<\/div>\t\t\n\t\t<\/div>\n\t\t\n\t<\/div><!-- .post-header -->\n\n\t\t<div class=\"post-content post-excerpt cf\">\n\t\t<p>A mediados del mes de mayo, se comparti\u00f3 al Comit\u00e9 Industrial de Derechos Humanos de la ANDI, los avances que han logrado en el proyecto \u201cPlan de Acci\u00f3n&hellip;<\/p>\n\t\t\t\n\t<\/div><!-- .post-content -->\n\t\t\n\t\t\n\t\t\n<\/article>\n\t\t\t\t\t<\/div>\n\t\t\t\t\t\n\t\t\t\t\t\t\t\t\t\n\t\t\t\t\t\t\n\t\t\t\t\n\t\t<\/div>\n\t<\/div>\n\t\n\t\n\t\n\n\t\n\t\t\n\t<div class=\"main-pagination load-more\">\n\t\t<a href=\"https:\/\/www.andi.hn\/boletin\/wp-json\/wp\/v2\/pages\/302\/page\/2\/\" class=\"load-button\" data-page=\"1\">\n\t\t\tLoad More <i class=\"fa fa-repeat\"><\/i>\n\t\t<\/a>\n\t<\/div>\t\n\t\n\t\n\n\t\t<\/div>\n\t\n\t<\/section>\n\n[\/vc_column][\/vc_row]<\/p>\n","protected":false},"excerpt":{"rendered":"<p>[vc_row][vc_column][vc_column_text] Noticias &#8211; Junio 2019 [\/vc_column_text][\/vc_column][\/vc_row][vc_row][vc_column][\/vc_column][\/vc_row]<\/p>\n","protected":false},"author":2,"featured_media":0,"parent":0,"menu_order":0,"comment_status":"closed","ping_status":"closed","template":"page-blocks.php","meta":[],"yoast_head":"<!-- This site is optimized with the Yoast SEO plugin v18.1 - https:\/\/yoast.com\/wordpress\/plugins\/seo\/ -->\n<title>Junio 2019 &raquo; ANDI<\/title>\n<meta name=\"robots\" content=\"index, follow, max-snippet:-1, max-image-preview:large, max-video-preview:-1\" \/>\n<link rel=\"canonical\" href=\"https:\/\/www.andi.hn\/boletin\/junio-2019-2\/\" \/>\n<meta property=\"og:locale\" content=\"es_ES\" \/>\n<meta property=\"og:type\" content=\"article\" \/>\n<meta property=\"og:title\" content=\"Junio 2019 &raquo; ANDI\" \/>\n<meta property=\"og:description\" content=\"[vc_row][vc_column][vc_column_text] Noticias &#8211; Junio 2019 [\/vc_column_text][\/vc_column][\/vc_row][vc_row][vc_column][\/vc_column][\/vc_row]\" \/>\n<meta property=\"og:url\" content=\"https:\/\/www.andi.hn\/boletin\/junio-2019-2\/\" \/>\n<meta property=\"og:site_name\" content=\"ANDI\" \/>\n<meta property=\"article:modified_time\" content=\"2019-06-07T21:43:30+00:00\" \/>\n<meta name=\"twitter:card\" content=\"summary_large_image\" \/>\n<script type=\"application\/ld+json\" class=\"yoast-schema-graph\">{\"@context\":\"https:\/\/schema.org\",\"@graph\":[{\"@type\":\"Organization\",\"@id\":\"https:\/\/www.andi.hn\/boletin\/#organization\",\"name\":\"Bolet\u00edn Industrial de Derechos Humanos\",\"url\":\"https:\/\/www.andi.hn\/boletin\/\",\"sameAs\":[],\"logo\":{\"@type\":\"ImageObject\",\"@id\":\"https:\/\/www.andi.hn\/boletin\/#logo\",\"inLanguage\":\"es\",\"url\":\"http:\/\/www.andi.hn\/boletin\/wp-content\/uploads\/2019\/04\/andi.png\",\"contentUrl\":\"http:\/\/www.andi.hn\/boletin\/wp-content\/uploads\/2019\/04\/andi.png\",\"width\":600,\"height\":315,\"caption\":\"Bolet\u00edn Industrial de Derechos Humanos\"},\"image\":{\"@id\":\"https:\/\/www.andi.hn\/boletin\/#logo\"}},{\"@type\":\"WebSite\",\"@id\":\"https:\/\/www.andi.hn\/boletin\/#website\",\"url\":\"https:\/\/www.andi.hn\/boletin\/\",\"name\":\"ANDI\",\"description\":\"Bolet\u00edn de Derechos Humanos\",\"publisher\":{\"@id\":\"https:\/\/www.andi.hn\/boletin\/#organization\"},\"potentialAction\":[{\"@type\":\"SearchAction\",\"target\":{\"@type\":\"EntryPoint\",\"urlTemplate\":\"https:\/\/www.andi.hn\/boletin\/?s={search_term_string}\"},\"query-input\":\"required name=search_term_string\"}],\"inLanguage\":\"es\"},{\"@type\":\"WebPage\",\"@id\":\"https:\/\/www.andi.hn\/boletin\/junio-2019-2\/#webpage\",\"url\":\"https:\/\/www.andi.hn\/boletin\/junio-2019-2\/\",\"name\":\"Junio 2019 &raquo; ANDI\",\"isPartOf\":{\"@id\":\"https:\/\/www.andi.hn\/boletin\/#website\"},\"datePublished\":\"2019-06-06T19:03:03+00:00\",\"dateModified\":\"2019-06-07T21:43:30+00:00\",\"breadcrumb\":{\"@id\":\"https:\/\/www.andi.hn\/boletin\/junio-2019-2\/#breadcrumb\"},\"inLanguage\":\"es\",\"potentialAction\":[{\"@type\":\"ReadAction\",\"target\":[\"https:\/\/www.andi.hn\/boletin\/junio-2019-2\/\"]}]},{\"@type\":\"BreadcrumbList\",\"@id\":\"https:\/\/www.andi.hn\/boletin\/junio-2019-2\/#breadcrumb\",\"itemListElement\":[{\"@type\":\"ListItem\",\"position\":1,\"name\":\"Portada\",\"item\":\"https:\/\/www.andi.hn\/boletin\/\"},{\"@type\":\"ListItem\",\"position\":2,\"name\":\"Junio 2019\"}]}]}<\/script>\n<!-- \/ Yoast SEO plugin. -->","yoast_head_json":{"title":"Junio 2019 &raquo; ANDI","robots":{"index":"index","follow":"follow","max-snippet":"max-snippet:-1","max-image-preview":"max-image-preview:large","max-video-preview":"max-video-preview:-1"},"canonical":"https:\/\/www.andi.hn\/boletin\/junio-2019-2\/","og_locale":"es_ES","og_type":"article","og_title":"Junio 2019 &raquo; ANDI","og_description":"[vc_row][vc_column][vc_column_text] Noticias &#8211; Junio 2019 [\/vc_column_text][\/vc_column][\/vc_row][vc_row][vc_column][\/vc_column][\/vc_row]","og_url":"https:\/\/www.andi.hn\/boletin\/junio-2019-2\/","og_site_name":"ANDI","article_modified_time":"2019-06-07T21:43:30+00:00","twitter_card":"summary_large_image","schema":{"@context":"https:\/\/schema.org","@graph":[{"@type":"Organization","@id":"https:\/\/www.andi.hn\/boletin\/#organization","name":"Bolet\u00edn Industrial de Derechos Humanos","url":"https:\/\/www.andi.hn\/boletin\/","sameAs":[],"logo":{"@type":"ImageObject","@id":"https:\/\/www.andi.hn\/boletin\/#logo","inLanguage":"es","url":"http:\/\/www.andi.hn\/boletin\/wp-content\/uploads\/2019\/04\/andi.png","contentUrl":"http:\/\/www.andi.hn\/boletin\/wp-content\/uploads\/2019\/04\/andi.png","width":600,"height":315,"caption":"Bolet\u00edn Industrial de Derechos Humanos"},"image":{"@id":"https:\/\/www.andi.hn\/boletin\/#logo"}},{"@type":"WebSite","@id":"https:\/\/www.andi.hn\/boletin\/#website","url":"https:\/\/www.andi.hn\/boletin\/","name":"ANDI","description":"Bolet\u00edn de Derechos Humanos","publisher":{"@id":"https:\/\/www.andi.hn\/boletin\/#organization"},"potentialAction":[{"@type":"SearchAction","target":{"@type":"EntryPoint","urlTemplate":"https:\/\/www.andi.hn\/boletin\/?s={search_term_string}"},"query-input":"required name=search_term_string"}],"inLanguage":"es"},{"@type":"WebPage","@id":"https:\/\/www.andi.hn\/boletin\/junio-2019-2\/#webpage","url":"https:\/\/www.andi.hn\/boletin\/junio-2019-2\/","name":"Junio 2019 &raquo; ANDI","isPartOf":{"@id":"https:\/\/www.andi.hn\/boletin\/#website"},"datePublished":"2019-06-06T19:03:03+00:00","dateModified":"2019-06-07T21:43:30+00:00","breadcrumb":{"@id":"https:\/\/www.andi.hn\/boletin\/junio-2019-2\/#breadcrumb"},"inLanguage":"es","potentialAction":[{"@type":"ReadAction","target":["https:\/\/www.andi.hn\/boletin\/junio-2019-2\/"]}]},{"@type":"BreadcrumbList","@id":"https:\/\/www.andi.hn\/boletin\/junio-2019-2\/#breadcrumb","itemListElement":[{"@type":"ListItem","position":1,"name":"Portada","item":"https:\/\/www.andi.hn\/boletin\/"},{"@type":"ListItem","position":2,"name":"Junio 2019"}]}]}},"_links":{"self":[{"href":"https:\/\/www.andi.hn\/boletin\/wp-json\/wp\/v2\/pages\/302"}],"collection":[{"href":"https:\/\/www.andi.hn\/boletin\/wp-json\/wp\/v2\/pages"}],"about":[{"href":"https:\/\/www.andi.hn\/boletin\/wp-json\/wp\/v2\/types\/page"}],"author":[{"embeddable":true,"href":"https:\/\/www.andi.hn\/boletin\/wp-json\/wp\/v2\/users\/2"}],"replies":[{"embeddable":true,"href":"https:\/\/www.andi.hn\/boletin\/wp-json\/wp\/v2\/comments?post=302"}],"version-history":[{"count":2,"href":"https:\/\/www.andi.hn\/boletin\/wp-json\/wp\/v2\/pages\/302\/revisions"}],"predecessor-version":[{"id":403,"href":"https:\/\/www.andi.hn\/boletin\/wp-json\/wp\/v2\/pages\/302\/revisions\/403"}],"wp:attachment":[{"href":"https:\/\/www.andi.hn\/boletin\/wp-json\/wp\/v2\/media?parent=302"}],"curies":[{"name":"wp","href":"https:\/\/api.w.org\/{rel}","templated":true}]}}