{"id":291,"date":"2019-05-09T23:50:32","date_gmt":"2019-05-10T05:50:32","guid":{"rendered":"http:\/\/www.andi.hn\/boletin\/?page_id=291"},"modified":"2019-05-09T23:50:32","modified_gmt":"2019-05-10T05:50:32","slug":"mayo-2019","status":"publish","type":"page","link":"https:\/\/www.andi.hn\/boletin\/mayo-2019\/","title":{"rendered":"Mayo 2019"},"content":{"rendered":"<p>[vc_row][vc_column][vc_column_text]<\/p>\n<h1>Noticias &#8211; Mayo 2019<\/h1>\n<p>[\/vc_column_text][\/vc_column][\/vc_row][vc_row][vc_column]\n\t<section class=\"cf block loop-grid\" data-id=\"1\">\n\t\n\t\t\t\t\n\t\t<div class=\"block-content\">\n\t\t\n\t<div class=\"posts-dynamic posts-container ts-row grid count-0 has-grid-2\">\n\t\t\t\n\t\t\t\t\t\n\t\t\t\t\t\t\n\t\t\t\t\t\t\t\n\t\t\t\t\t\t\t\t\n\t\t\t\t<div class=\"posts-wrap\">\t\t\t\t\n\t\t\t\t\t\t\n\t\t\t\t\t\t\n\t\t\t\t\t\t\t\t\n\t\t\t\t\t<div class=\"col-6\">\t\n\t\t\t\t\t\t\n<article id=\"post-263\" class=\"grid-post post-263 post type-post status-publish format-standard has-post-thumbnail category-noticias tag-mayo-2019 has-excerpt grid-cols-2\">\n\t\n\t<div class=\"post-header cf\">\n\t\t\t\n\t\t<div class=\"post-thumb\">\n\t\t\t<a href=\"https:\/\/www.andi.hn\/boletin\/agroindustria-de-la-cana-de-azucar-de-honduras-presenta-guia-de-principios-rectores-de-sostenibilidad\/\" class=\"image-link\">\n\t\t\t\n\t\t\t\t<img width=\"370\" height=\"285\" src=\"https:\/\/www.andi.hn\/boletin\/wp-content\/uploads\/2019\/05\/Portada-Gui\u0301a-370x285.png\" class=\"attachment-cheerup-grid size-cheerup-grid wp-post-image\" alt=\"\" loading=\"lazy\" title=\"Agroindustria de la ca\u00f1a de az\u00facar de Honduras presenta gu\u00eda de Principios Rectores de Sostenibilidad\" srcset=\"https:\/\/www.andi.hn\/boletin\/wp-content\/uploads\/2019\/05\/Portada-Gui\u0301a-370x285.png 370w, https:\/\/www.andi.hn\/boletin\/wp-content\/uploads\/2019\/05\/Portada-Gui\u0301a-260x200.png 260w, https:\/\/www.andi.hn\/boletin\/wp-content\/uploads\/2019\/05\/Portada-Gui\u0301a-87x67.png 87w\" sizes=\"(max-width: 370px) 100vw, 370px\" \/>\t\t\t\t\t\n\t\t\t\t\n\t\t\t<\/a>\n\t\t\t\n\t\t\t\t\t<\/div>\n\t\t\n\t\t<div class=\"meta-title\">\n\t\t\n\t\t\t\t<div class=\"post-meta post-meta-a\">\n\t\t\n\t\t\t\t\n\t\t\t<span class=\"post-cat\">\t\n\t\t\t\t\t\t\t\t\t\n\t\t<a href=\"https:\/\/www.andi.hn\/boletin\/category\/noticias\/\" class=\"category\">Noticias<\/a>\n\n\t\t\t\t\t<\/span>\n\t\t\t\n\t\t\t<span class=\"meta-sep\"><\/span>\n\t\t\t\n\t\t\t\t\t\n\t\t\t\t\t<a href=\"https:\/\/www.andi.hn\/boletin\/agroindustria-de-la-cana-de-azucar-de-honduras-presenta-guia-de-principios-rectores-de-sostenibilidad\/\" class=\"date-link\"><time class=\"post-date\" datetime=\"2019-05-09T11:34:39-06:00\">9 mayo, 2019<\/time><\/a>\n\t\t\t\t\n\t\t\t\t\t\n\t\t\t\n\t\t\t<h2 class=\"post-title-alt\">\n\t\t\t\t\t\t\t\n\t\t\t\t<a href=\"https:\/\/www.andi.hn\/boletin\/agroindustria-de-la-cana-de-azucar-de-honduras-presenta-guia-de-principios-rectores-de-sostenibilidad\/\">Agroindustria de la ca\u00f1a de az\u00facar de Honduras presenta gu\u00eda de Principios Rectores de Sostenibilidad<\/a>\n\t\t\t\t\t\n\t\t\t\t\t\t\t<\/h2>\n\t\t\t\n\t\t\n\t<\/div>\t\t\n\t\t<\/div>\n\t\t\n\t<\/div><!-- .post-header -->\n\n\t\t<div class=\"post-content post-excerpt cf\">\n\t\t<p>El Fondo Mundial para la Naturaleza (WWF) por sus siglas en ingl\u00e9s) y la Asociaci\u00f3n de Productores de Az\u00facar de Honduras (APAH) como resultado de la firma que&hellip;<\/p>\n\t\t\t\n\t<\/div><!-- .post-content -->\n\t\t\n\t\t\n\t\t\n<\/article>\n\t\t\t\t\t<\/div>\n\t\t\t\t\t\n\t\t\t\t\t\t\t\t\t\n\t\t\t\t\t\t\n\t\t\t\t\t\n\t\t\t\t\t\t\n\t\t\t\t\t\t\n\t\t\t\t\t\t\t\t\n\t\t\t\t\t<div class=\"col-6\">\t\n\t\t\t\t\t\t\n<article id=\"post-194\" class=\"grid-post post-194 post type-post status-publish format-standard has-post-thumbnail category-noticias tag-derechos-humanos tag-mayo-2019 tag-paniddhh has-excerpt grid-cols-2\">\n\t\n\t<div class=\"post-header cf\">\n\t\t\t\n\t\t<div class=\"post-thumb\">\n\t\t\t<a href=\"https:\/\/www.andi.hn\/boletin\/el-equipo-paniddhh-comienza-su-gira-de-visitas-a-afiliados\/\" class=\"image-link\">\n\t\t\t\n\t\t\t\t<img width=\"370\" height=\"285\" src=\"https:\/\/www.andi.hn\/boletin\/wp-content\/uploads\/2019\/05\/Gira-PANIDDHH-SPS-6-370x285.jpg\" class=\"attachment-cheerup-grid size-cheerup-grid wp-post-image\" alt=\"\" loading=\"lazy\" title=\"El equipo PANIDDHH comienza su gira de visitas a afiliados\" srcset=\"https:\/\/www.andi.hn\/boletin\/wp-content\/uploads\/2019\/05\/Gira-PANIDDHH-SPS-6-370x285.jpg 370w, https:\/\/www.andi.hn\/boletin\/wp-content\/uploads\/2019\/05\/Gira-PANIDDHH-SPS-6-260x200.jpg 260w, https:\/\/www.andi.hn\/boletin\/wp-content\/uploads\/2019\/05\/Gira-PANIDDHH-SPS-6-87x67.jpg 87w\" sizes=\"(max-width: 370px) 100vw, 370px\" \/>\t\t\t\t\t\n\t\t\t\t\n\t\t\t<\/a>\n\t\t\t\n\t\t\t\t\t<\/div>\n\t\t\n\t\t<div class=\"meta-title\">\n\t\t\n\t\t\t\t<div class=\"post-meta post-meta-a\">\n\t\t\n\t\t\t\t\n\t\t\t<span class=\"post-cat\">\t\n\t\t\t\t\t\t\t\t\t\n\t\t<a href=\"https:\/\/www.andi.hn\/boletin\/category\/noticias\/\" class=\"category\">Noticias<\/a>\n\n\t\t\t\t\t<\/span>\n\t\t\t\n\t\t\t<span class=\"meta-sep\"><\/span>\n\t\t\t\n\t\t\t\t\t\n\t\t\t\t\t<a href=\"https:\/\/www.andi.hn\/boletin\/el-equipo-paniddhh-comienza-su-gira-de-visitas-a-afiliados\/\" class=\"date-link\"><time class=\"post-date\" datetime=\"2019-05-06T19:12:06-06:00\">6 mayo, 2019<\/time><\/a>\n\t\t\t\t\n\t\t\t\t\t\n\t\t\t\n\t\t\t<h2 class=\"post-title-alt\">\n\t\t\t\t\t\t\t\n\t\t\t\t<a href=\"https:\/\/www.andi.hn\/boletin\/el-equipo-paniddhh-comienza-su-gira-de-visitas-a-afiliados\/\">El equipo PANIDDHH comienza su gira de visitas a afiliados<\/a>\n\t\t\t\t\t\n\t\t\t\t\t\t\t<\/h2>\n\t\t\t\n\t\t\n\t<\/div>\t\t\n\t\t<\/div>\n\t\t\n\t<\/div><!-- .post-header -->\n\n\t\t<div class=\"post-content post-excerpt cf\">\n\t\t<p>Como parte del Plan de Acci\u00f3n de Industria y Derechos Humanos (PANIDDHH) se realizar\u00e1 un plan de trabajo que consta en visitar a varias de las empresas afiliadas&hellip;<\/p>\n\t\t\t\n\t<\/div><!-- .post-content -->\n\t\t\n\t\t\n\t\t\n<\/article>\n\t\t\t\t\t<\/div>\n\t\t\t\t\t\n\t\t\t\t\t\t\t\t\t\n\t\t\t\t\t\t\n\t\t\t\t\n\t\t<\/div>\n\t<\/div>\n\t\n\t\n\t\t\t<\/div>\n\t\n\t<\/section>\n\n[\/vc_column][\/vc_row]<\/p>\n","protected":false},"excerpt":{"rendered":"<p>[vc_row][vc_column][vc_column_text] Noticias &#8211; Mayo 2019 [\/vc_column_text][\/vc_column][\/vc_row][vc_row][vc_column][\/vc_column][\/vc_row]<\/p>\n","protected":false},"author":2,"featured_media":0,"parent":0,"menu_order":0,"comment_status":"closed","ping_status":"closed","template":"page-blocks.php","meta":[],"yoast_head":"<!-- This site is optimized with the Yoast SEO plugin v18.1 - https:\/\/yoast.com\/wordpress\/plugins\/seo\/ -->\n<title>Mayo 2019 &raquo; ANDI<\/title>\n<meta name=\"robots\" content=\"index, follow, max-snippet:-1, max-image-preview:large, max-video-preview:-1\" \/>\n<link rel=\"canonical\" href=\"https:\/\/www.andi.hn\/boletin\/mayo-2019\/\" \/>\n<meta property=\"og:locale\" content=\"es_ES\" \/>\n<meta property=\"og:type\" content=\"article\" \/>\n<meta property=\"og:title\" content=\"Mayo 2019 &raquo; ANDI\" \/>\n<meta property=\"og:description\" content=\"[vc_row][vc_column][vc_column_text] Noticias &#8211; Mayo 2019 [\/vc_column_text][\/vc_column][\/vc_row][vc_row][vc_column][\/vc_column][\/vc_row]\" \/>\n<meta property=\"og:url\" content=\"https:\/\/www.andi.hn\/boletin\/mayo-2019\/\" \/>\n<meta property=\"og:site_name\" content=\"ANDI\" \/>\n<meta name=\"twitter:card\" content=\"summary_large_image\" \/>\n<script type=\"application\/ld+json\" class=\"yoast-schema-graph\">{\"@context\":\"https:\/\/schema.org\",\"@graph\":[{\"@type\":\"Organization\",\"@id\":\"http:\/\/www.andi.hn\/boletin\/#organization\",\"name\":\"Bolet\u00edn Industrial de Derechos Humanos\",\"url\":\"http:\/\/www.andi.hn\/boletin\/\",\"sameAs\":[],\"logo\":{\"@type\":\"ImageObject\",\"@id\":\"http:\/\/www.andi.hn\/boletin\/#logo\",\"inLanguage\":\"es\",\"url\":\"http:\/\/www.andi.hn\/boletin\/wp-content\/uploads\/2019\/04\/andi.png\",\"contentUrl\":\"http:\/\/www.andi.hn\/boletin\/wp-content\/uploads\/2019\/04\/andi.png\",\"width\":600,\"height\":315,\"caption\":\"Bolet\u00edn Industrial de Derechos Humanos\"},\"image\":{\"@id\":\"http:\/\/www.andi.hn\/boletin\/#logo\"}},{\"@type\":\"WebSite\",\"@id\":\"http:\/\/www.andi.hn\/boletin\/#website\",\"url\":\"http:\/\/www.andi.hn\/boletin\/\",\"name\":\"ANDI\",\"description\":\"Bolet\u00edn de Derechos Humanos\",\"publisher\":{\"@id\":\"http:\/\/www.andi.hn\/boletin\/#organization\"},\"potentialAction\":[{\"@type\":\"SearchAction\",\"target\":{\"@type\":\"EntryPoint\",\"urlTemplate\":\"http:\/\/www.andi.hn\/boletin\/?s={search_term_string}\"},\"query-input\":\"required name=search_term_string\"}],\"inLanguage\":\"es\"},{\"@type\":\"WebPage\",\"@id\":\"https:\/\/www.andi.hn\/boletin\/mayo-2019\/#webpage\",\"url\":\"https:\/\/www.andi.hn\/boletin\/mayo-2019\/\",\"name\":\"Mayo 2019 &raquo; ANDI\",\"isPartOf\":{\"@id\":\"http:\/\/www.andi.hn\/boletin\/#website\"},\"datePublished\":\"2019-05-10T05:50:32+00:00\",\"dateModified\":\"2019-05-10T05:50:32+00:00\",\"breadcrumb\":{\"@id\":\"https:\/\/www.andi.hn\/boletin\/mayo-2019\/#breadcrumb\"},\"inLanguage\":\"es\",\"potentialAction\":[{\"@type\":\"ReadAction\",\"target\":[\"https:\/\/www.andi.hn\/boletin\/mayo-2019\/\"]}]},{\"@type\":\"BreadcrumbList\",\"@id\":\"https:\/\/www.andi.hn\/boletin\/mayo-2019\/#breadcrumb\",\"itemListElement\":[{\"@type\":\"ListItem\",\"position\":1,\"name\":\"Portada\",\"item\":\"http:\/\/www.andi.hn\/boletin\/\"},{\"@type\":\"ListItem\",\"position\":2,\"name\":\"Mayo 2019\"}]}]}<\/script>\n<!-- \/ Yoast SEO plugin. -->","yoast_head_json":{"title":"Mayo 2019 &raquo; ANDI","robots":{"index":"index","follow":"follow","max-snippet":"max-snippet:-1","max-image-preview":"max-image-preview:large","max-video-preview":"max-video-preview:-1"},"canonical":"https:\/\/www.andi.hn\/boletin\/mayo-2019\/","og_locale":"es_ES","og_type":"article","og_title":"Mayo 2019 &raquo; ANDI","og_description":"[vc_row][vc_column][vc_column_text] Noticias &#8211; Mayo 2019 [\/vc_column_text][\/vc_column][\/vc_row][vc_row][vc_column][\/vc_column][\/vc_row]","og_url":"https:\/\/www.andi.hn\/boletin\/mayo-2019\/","og_site_name":"ANDI","twitter_card":"summary_large_image","schema":{"@context":"https:\/\/schema.org","@graph":[{"@type":"Organization","@id":"http:\/\/www.andi.hn\/boletin\/#organization","name":"Bolet\u00edn Industrial de Derechos Humanos","url":"http:\/\/www.andi.hn\/boletin\/","sameAs":[],"logo":{"@type":"ImageObject","@id":"http:\/\/www.andi.hn\/boletin\/#logo","inLanguage":"es","url":"http:\/\/www.andi.hn\/boletin\/wp-content\/uploads\/2019\/04\/andi.png","contentUrl":"http:\/\/www.andi.hn\/boletin\/wp-content\/uploads\/2019\/04\/andi.png","width":600,"height":315,"caption":"Bolet\u00edn Industrial de Derechos Humanos"},"image":{"@id":"http:\/\/www.andi.hn\/boletin\/#logo"}},{"@type":"WebSite","@id":"http:\/\/www.andi.hn\/boletin\/#website","url":"http:\/\/www.andi.hn\/boletin\/","name":"ANDI","description":"Bolet\u00edn de Derechos Humanos","publisher":{"@id":"http:\/\/www.andi.hn\/boletin\/#organization"},"potentialAction":[{"@type":"SearchAction","target":{"@type":"EntryPoint","urlTemplate":"http:\/\/www.andi.hn\/boletin\/?s={search_term_string}"},"query-input":"required name=search_term_string"}],"inLanguage":"es"},{"@type":"WebPage","@id":"https:\/\/www.andi.hn\/boletin\/mayo-2019\/#webpage","url":"https:\/\/www.andi.hn\/boletin\/mayo-2019\/","name":"Mayo 2019 &raquo; ANDI","isPartOf":{"@id":"http:\/\/www.andi.hn\/boletin\/#website"},"datePublished":"2019-05-10T05:50:32+00:00","dateModified":"2019-05-10T05:50:32+00:00","breadcrumb":{"@id":"https:\/\/www.andi.hn\/boletin\/mayo-2019\/#breadcrumb"},"inLanguage":"es","potentialAction":[{"@type":"ReadAction","target":["https:\/\/www.andi.hn\/boletin\/mayo-2019\/"]}]},{"@type":"BreadcrumbList","@id":"https:\/\/www.andi.hn\/boletin\/mayo-2019\/#breadcrumb","itemListElement":[{"@type":"ListItem","position":1,"name":"Portada","item":"http:\/\/www.andi.hn\/boletin\/"},{"@type":"ListItem","position":2,"name":"Mayo 2019"}]}]}},"_links":{"self":[{"href":"https:\/\/www.andi.hn\/boletin\/wp-json\/wp\/v2\/pages\/291"}],"collection":[{"href":"https:\/\/www.andi.hn\/boletin\/wp-json\/wp\/v2\/pages"}],"about":[{"href":"https:\/\/www.andi.hn\/boletin\/wp-json\/wp\/v2\/types\/page"}],"author":[{"embeddable":true,"href":"https:\/\/www.andi.hn\/boletin\/wp-json\/wp\/v2\/users\/2"}],"replies":[{"embeddable":true,"href":"https:\/\/www.andi.hn\/boletin\/wp-json\/wp\/v2\/comments?post=291"}],"version-history":[{"count":1,"href":"https:\/\/www.andi.hn\/boletin\/wp-json\/wp\/v2\/pages\/291\/revisions"}],"predecessor-version":[{"id":292,"href":"https:\/\/www.andi.hn\/boletin\/wp-json\/wp\/v2\/pages\/291\/revisions\/292"}],"wp:attachment":[{"href":"https:\/\/www.andi.hn\/boletin\/wp-json\/wp\/v2\/media?parent=291"}],"curies":[{"name":"wp","href":"https:\/\/api.w.org\/{rel}","templated":true}]}}