{"id":1492,"date":"2022-02-01T12:17:29","date_gmt":"2022-02-01T18:17:29","guid":{"rendered":"http:\/\/www.andi.hn\/boletin\/?page_id=1492"},"modified":"2022-06-09T10:29:43","modified_gmt":"2022-06-09T16:29:43","slug":"los-diez-principios","status":"publish","type":"page","link":"https:\/\/www.andi.hn\/boletin\/los-diez-principios\/","title":{"rendered":"LOS DIEZ PRINCIPIOS DEL PACTO MUNDIAL DE LA ONU."},"content":{"rendered":"\r\n<div class=\"wp-block-image\">\r\n<figure class=\"aligncenter size-large\"><img loading=\"lazy\" width=\"1024\" height=\"449\" class=\"wp-image-1549\" src=\"http:\/\/www.andi.hn\/boletin\/wp-content\/uploads\/2022\/02\/FONDO-DDHH-1024x449.png\" alt=\"\" srcset=\"https:\/\/www.andi.hn\/boletin\/wp-content\/uploads\/2022\/02\/FONDO-DDHH-1024x449.png 1024w, https:\/\/www.andi.hn\/boletin\/wp-content\/uploads\/2022\/02\/FONDO-DDHH-300x131.png 300w, https:\/\/www.andi.hn\/boletin\/wp-content\/uploads\/2022\/02\/FONDO-DDHH-768x337.png 768w, https:\/\/www.andi.hn\/boletin\/wp-content\/uploads\/2022\/02\/FONDO-DDHH-1536x673.png 1536w, https:\/\/www.andi.hn\/boletin\/wp-content\/uploads\/2022\/02\/FONDO-DDHH.png 1782w\" sizes=\"(max-width: 1024px) 100vw, 1024px\" \/><\/figure>\r\n<\/div>\r\n\r\n\r\n\r\n<p>El Pacto Mundial de las Naciones Unidas es un llamamiento a las empresas para que incorporen 10\u00a0principios universales relacionados con los derechos humanos, el trabajo, el medio ambiente y la lucha contra la corrupci\u00f3n en sus estrategias y operaciones, as\u00ed como para que act\u00faen de forma que avancen los objetivos sociales y la implementaci\u00f3n de los ODS. Al involucrar a miles de empresas de todos los tama\u00f1os y sectores de todo el mundo, estamos trabajando para movilizar un movimiento verdaderamente global de empresas responsables que integran la sostenibilidad en sus estrategias y operaciones principales tanto para el beneficio de la sociedad como para el suyo.<\/p>\r\n\r\n\r\n\r\n<p>Los Diez Principios del Pacto Mundial de las Naciones Unidas son los siguientes:<\/p>\r\n\r\n\r\n<hr class=\"wp-block-separator is-style-wide\" \/>\r\n\r\n\r\n<div class=\"wp-block-columns\">\r\n<div class=\"wp-block-column\" style=\"flex-basis: 33.33%;\">\r\n<div class=\"wp-block-group\">\r\n<div class=\"wp-block-group__inner-container\">\r\n<div class=\"wp-block-image\">\r\n<figure class=\"aligncenter size-large is-resized\"><img loading=\"lazy\" class=\"wp-image-1507\" src=\"http:\/\/www.andi.hn\/boletin\/wp-content\/uploads\/2022\/02\/Principios-Pacto-Global-1-01-1-820x1024.png\" alt=\"\" width=\"158\" height=\"197\" srcset=\"https:\/\/www.andi.hn\/boletin\/wp-content\/uploads\/2022\/02\/Principios-Pacto-Global-1-01-1-820x1024.png 820w, https:\/\/www.andi.hn\/boletin\/wp-content\/uploads\/2022\/02\/Principios-Pacto-Global-1-01-1-240x300.png 240w, https:\/\/www.andi.hn\/boletin\/wp-content\/uploads\/2022\/02\/Principios-Pacto-Global-1-01-1-768x959.png 768w, https:\/\/www.andi.hn\/boletin\/wp-content\/uploads\/2022\/02\/Principios-Pacto-Global-1-01-1.png 880w\" sizes=\"(max-width: 158px) 100vw, 158px\" \/><\/figure>\r\n<\/div>\r\n<\/div>\r\n<\/div>\r\n<\/div>\r\n\r\n\r\n\r\n<div class=\"wp-block-column is-vertically-aligned-center\" style=\"flex-basis: 66.66%;\">\r\n<p>&nbsp;<\/p>\r\n\r\n\r\n\r\n<p><strong>Principio 1.<\/strong>\u00a0Las empresas deben apoyar y respetar la protecci\u00f3n de los derechos humanos proclamados internacionalmente.<\/p>\r\n\r\n\r\n\r\n<p><strong>Principio 2.<\/strong>\u00a0Las empresas deben asegurarse de no ser c\u00f3mplices de abusos contra los derechos humanos.<\/p>\r\n<\/div>\r\n<\/div>\r\n\r\n\r\n<hr class=\"wp-block-separator is-style-wide\" \/>\r\n\r\n\r\n<div class=\"wp-block-columns\">\r\n<div class=\"wp-block-column is-vertically-aligned-center\" style=\"flex-basis: 33.33%;\">\r\n<div class=\"wp-block-image\">\r\n<figure class=\"aligncenter size-large is-resized\"><img loading=\"lazy\" class=\"wp-image-1508\" src=\"http:\/\/www.andi.hn\/boletin\/wp-content\/uploads\/2022\/02\/Principios-Pacto-Global-1-02-1-821x1024.png\" alt=\"\" width=\"156\" height=\"194\" srcset=\"https:\/\/www.andi.hn\/boletin\/wp-content\/uploads\/2022\/02\/Principios-Pacto-Global-1-02-1-821x1024.png 821w, https:\/\/www.andi.hn\/boletin\/wp-content\/uploads\/2022\/02\/Principios-Pacto-Global-1-02-1-240x300.png 240w, https:\/\/www.andi.hn\/boletin\/wp-content\/uploads\/2022\/02\/Principios-Pacto-Global-1-02-1-768x958.png 768w, https:\/\/www.andi.hn\/boletin\/wp-content\/uploads\/2022\/02\/Principios-Pacto-Global-1-02-1.png 881w\" sizes=\"(max-width: 156px) 100vw, 156px\" \/><\/figure>\r\n<\/div>\r\n<\/div>\r\n\r\n\r\n\r\n<div class=\"wp-block-column\" style=\"flex-basis: 66.66%;\">\r\n<p><strong>Principio 3.<\/strong>\u00a0Las empresas deben defender la libertad de asociaci\u00f3n y el reconocimiento efectivo del derecho a la negociaci\u00f3n colectiva.<\/p>\r\n\r\n\r\n\r\n<p><strong>Principio 4.<\/strong>\u00a0Las empresas deben defender la eliminaci\u00f3n de todas las formas de trabajo forzoso y obligatorio.<\/p>\r\n\r\n\r\n\r\n<p><strong>Principio 5.<\/strong>\u00a0Las empresas deben defender la abolici\u00f3n efectiva del trabajo infantil.<\/p>\r\n\r\n\r\n\r\n<p><strong>Principio 6.<\/strong>\u00a0Las empresas deben defender la eliminaci\u00f3n de la discriminaci\u00f3n en materia de empleo y ocupaci\u00f3n.<\/p>\r\n<\/div>\r\n<\/div>\r\n\r\n\r\n<hr class=\"wp-block-separator is-style-wide\" \/>\r\n\r\n\r\n<div class=\"wp-block-columns\">\r\n<div class=\"wp-block-column is-vertically-aligned-center\" style=\"flex-basis: 33.33%;\">\r\n<div class=\"wp-block-image\">\r\n<figure class=\"aligncenter size-large is-resized\"><img loading=\"lazy\" class=\"wp-image-1527\" src=\"http:\/\/www.andi.hn\/boletin\/wp-content\/uploads\/2022\/02\/Principios-Pacto-Global-1-03-medio-ambiente-3-821x1024.png\" alt=\"\" width=\"156\" height=\"195\" srcset=\"https:\/\/www.andi.hn\/boletin\/wp-content\/uploads\/2022\/02\/Principios-Pacto-Global-1-03-medio-ambiente-3-821x1024.png 821w, https:\/\/www.andi.hn\/boletin\/wp-content\/uploads\/2022\/02\/Principios-Pacto-Global-1-03-medio-ambiente-3-240x300.png 240w, https:\/\/www.andi.hn\/boletin\/wp-content\/uploads\/2022\/02\/Principios-Pacto-Global-1-03-medio-ambiente-3-768x958.png 768w, https:\/\/www.andi.hn\/boletin\/wp-content\/uploads\/2022\/02\/Principios-Pacto-Global-1-03-medio-ambiente-3.png 881w\" sizes=\"(max-width: 156px) 100vw, 156px\" \/><\/figure>\r\n<\/div>\r\n<\/div>\r\n\r\n\r\n\r\n<div class=\"wp-block-column\" style=\"flex-basis: 66.66%;\">\r\n<p><strong>Principio 7.<\/strong>\u00a0Las empresas deben apoyar un enfoque de precauci\u00f3n ante los desaf\u00edos ambientales.<\/p>\r\n\r\n\r\n\r\n<p><strong>Principio 8.<\/strong>\u00a0Las empresas deben emprender iniciativas para promover una mayor responsabilidad ambiental.<\/p>\r\n\r\n\r\n\r\n<p><strong>Principio 9.<\/strong>\u00a0Las empresas deben fomentar el desarrollo y la difusi\u00f3n de tecnolog\u00edas respetuosas con el medio ambiente<\/p>\r\n<\/div>\r\n<\/div>\r\n\r\n\r\n<hr class=\"wp-block-separator is-style-wide\" \/>\r\n\r\n\r\n<div class=\"wp-block-columns\">\r\n<div class=\"wp-block-column\" style=\"flex-basis: 33.33%;\">\r\n<div class=\"wp-block-image\">\r\n<figure class=\"aligncenter size-large is-resized\"><img loading=\"lazy\" class=\"wp-image-1516\" src=\"http:\/\/www.andi.hn\/boletin\/wp-content\/uploads\/2022\/02\/Principios-Pacto-Global-1-04-820x1024.png\" alt=\"\" width=\"156\" height=\"193\" \/><\/figure>\r\n<\/div>\r\n<\/div>\r\n\r\n\r\n\r\n<div class=\"wp-block-column\" style=\"flex-basis: 66.66%;\">\r\n<p>&nbsp;<\/p>\r\n\r\n\r\n\r\n<p><strong>Principio 10.<\/strong>\u00a0Las empresas deben trabajar contra la corrupci\u00f3n en todas sus formas, incluidas la extorsi\u00f3n y el soborno.<\/p>\r\n<\/div>\r\n<\/div>\r\n\r\n\r\n<hr class=\"wp-block-separator is-style-wide\" \/>\r\n\r\n\r\n<div class=\"wp-block-image\">\r\n<figure class=\"aligncenter size-large is-resized\"><img loading=\"lazy\" class=\"wp-image-1533\" src=\"http:\/\/www.andi.hn\/boletin\/wp-content\/uploads\/2022\/02\/UNGlobalCompact.png\" alt=\"\" width=\"182\" height=\"72\" srcset=\"https:\/\/www.andi.hn\/boletin\/wp-content\/uploads\/2022\/02\/UNGlobalCompact.png 650w, https:\/\/www.andi.hn\/boletin\/wp-content\/uploads\/2022\/02\/UNGlobalCompact-300x119.png 300w\" sizes=\"(max-width: 182px) 100vw, 182px\" \/><\/figure>\r\n<\/div>\r\n\r\n\r\n\r\n<p>&nbsp;<\/p>\r\n","protected":false},"excerpt":{"rendered":"<p>El Pacto Mundial de las Naciones Unidas es un llamamiento a las empresas para que incorporen 10\u00a0principios universales relacionados con los derechos humanos, el trabajo, el medio ambiente y la lucha contra la corrupci\u00f3n en sus estrategias y operaciones, as\u00ed como para que act\u00faen de forma que avancen los objetivos sociales y la implementaci\u00f3n de<\/p>\n","protected":false},"author":5,"featured_media":0,"parent":0,"menu_order":0,"comment_status":"closed","ping_status":"closed","template":"","meta":[],"yoast_head":"<!-- This site is optimized with the Yoast SEO plugin v18.1 - https:\/\/yoast.com\/wordpress\/plugins\/seo\/ -->\n<title>LOS DIEZ PRINCIPIOS DEL PACTO MUNDIAL DE LA ONU. &raquo; ANDI<\/title>\n<meta name=\"robots\" content=\"index, follow, max-snippet:-1, max-image-preview:large, max-video-preview:-1\" \/>\n<link rel=\"canonical\" href=\"http:\/\/www.andi.hn\/boletin\/los-diez-principios\/\" \/>\n<meta property=\"og:locale\" content=\"es_ES\" \/>\n<meta property=\"og:type\" content=\"article\" \/>\n<meta property=\"og:title\" content=\"LOS DIEZ PRINCIPIOS DEL PACTO MUNDIAL DE LA ONU. &raquo; ANDI\" \/>\n<meta property=\"og:description\" content=\"El Pacto Mundial de las Naciones Unidas es un llamamiento a las empresas para que incorporen 10\u00a0principios universales relacionados con los derechos humanos, el trabajo, el medio ambiente y la lucha contra la corrupci\u00f3n en sus estrategias y operaciones, as\u00ed como para que act\u00faen de forma que avancen los objetivos sociales y la implementaci\u00f3n de\" \/>\n<meta property=\"og:url\" content=\"http:\/\/www.andi.hn\/boletin\/los-diez-principios\/\" \/>\n<meta property=\"og:site_name\" content=\"ANDI\" \/>\n<meta property=\"article:modified_time\" content=\"2022-06-09T16:29:43+00:00\" \/>\n<meta property=\"og:image\" content=\"http:\/\/www.andi.hn\/boletin\/wp-content\/uploads\/2022\/02\/FONDO-DDHH-1024x449.png\" \/>\n<meta name=\"twitter:card\" content=\"summary_large_image\" \/>\n<meta name=\"twitter:label1\" content=\"Tiempo de lectura\" \/>\n\t<meta name=\"twitter:data1\" content=\"3 minutos\" \/>\n<script type=\"application\/ld+json\" class=\"yoast-schema-graph\">{\"@context\":\"https:\/\/schema.org\",\"@graph\":[{\"@type\":\"Organization\",\"@id\":\"http:\/\/www.andi.hn\/boletin\/#organization\",\"name\":\"Bolet\u00edn Industrial de Derechos Humanos\",\"url\":\"http:\/\/www.andi.hn\/boletin\/\",\"sameAs\":[],\"logo\":{\"@type\":\"ImageObject\",\"@id\":\"http:\/\/www.andi.hn\/boletin\/#logo\",\"inLanguage\":\"es\",\"url\":\"http:\/\/www.andi.hn\/boletin\/wp-content\/uploads\/2019\/04\/andi.png\",\"contentUrl\":\"http:\/\/www.andi.hn\/boletin\/wp-content\/uploads\/2019\/04\/andi.png\",\"width\":600,\"height\":315,\"caption\":\"Bolet\u00edn Industrial de Derechos Humanos\"},\"image\":{\"@id\":\"http:\/\/www.andi.hn\/boletin\/#logo\"}},{\"@type\":\"WebSite\",\"@id\":\"http:\/\/www.andi.hn\/boletin\/#website\",\"url\":\"http:\/\/www.andi.hn\/boletin\/\",\"name\":\"ANDI\",\"description\":\"Bolet\u00edn de Derechos Humanos\",\"publisher\":{\"@id\":\"http:\/\/www.andi.hn\/boletin\/#organization\"},\"potentialAction\":[{\"@type\":\"SearchAction\",\"target\":{\"@type\":\"EntryPoint\",\"urlTemplate\":\"http:\/\/www.andi.hn\/boletin\/?s={search_term_string}\"},\"query-input\":\"required name=search_term_string\"}],\"inLanguage\":\"es\"},{\"@type\":\"ImageObject\",\"@id\":\"http:\/\/www.andi.hn\/boletin\/los-diez-principios\/#primaryimage\",\"inLanguage\":\"es\",\"url\":\"http:\/\/www.andi.hn\/boletin\/wp-content\/uploads\/2022\/02\/FONDO-DDHH-1024x449.png\",\"contentUrl\":\"http:\/\/www.andi.hn\/boletin\/wp-content\/uploads\/2022\/02\/FONDO-DDHH-1024x449.png\"},{\"@type\":\"WebPage\",\"@id\":\"http:\/\/www.andi.hn\/boletin\/los-diez-principios\/#webpage\",\"url\":\"http:\/\/www.andi.hn\/boletin\/los-diez-principios\/\",\"name\":\"LOS DIEZ PRINCIPIOS DEL PACTO MUNDIAL DE LA ONU. &raquo; ANDI\",\"isPartOf\":{\"@id\":\"http:\/\/www.andi.hn\/boletin\/#website\"},\"primaryImageOfPage\":{\"@id\":\"http:\/\/www.andi.hn\/boletin\/los-diez-principios\/#primaryimage\"},\"datePublished\":\"2022-02-01T18:17:29+00:00\",\"dateModified\":\"2022-06-09T16:29:43+00:00\",\"breadcrumb\":{\"@id\":\"http:\/\/www.andi.hn\/boletin\/los-diez-principios\/#breadcrumb\"},\"inLanguage\":\"es\",\"potentialAction\":[{\"@type\":\"ReadAction\",\"target\":[\"http:\/\/www.andi.hn\/boletin\/los-diez-principios\/\"]}]},{\"@type\":\"BreadcrumbList\",\"@id\":\"http:\/\/www.andi.hn\/boletin\/los-diez-principios\/#breadcrumb\",\"itemListElement\":[{\"@type\":\"ListItem\",\"position\":1,\"name\":\"Portada\",\"item\":\"http:\/\/www.andi.hn\/boletin\/\"},{\"@type\":\"ListItem\",\"position\":2,\"name\":\"LOS DIEZ PRINCIPIOS DEL PACTO MUNDIAL DE LA ONU.\"}]}]}<\/script>\n<!-- \/ Yoast SEO plugin. -->","yoast_head_json":{"title":"LOS DIEZ PRINCIPIOS DEL PACTO MUNDIAL DE LA ONU. &raquo; ANDI","robots":{"index":"index","follow":"follow","max-snippet":"max-snippet:-1","max-image-preview":"max-image-preview:large","max-video-preview":"max-video-preview:-1"},"canonical":"http:\/\/www.andi.hn\/boletin\/los-diez-principios\/","og_locale":"es_ES","og_type":"article","og_title":"LOS DIEZ PRINCIPIOS DEL PACTO MUNDIAL DE LA ONU. &raquo; ANDI","og_description":"El Pacto Mundial de las Naciones Unidas es un llamamiento a las empresas para que incorporen 10\u00a0principios universales relacionados con los derechos humanos, el trabajo, el medio ambiente y la lucha contra la corrupci\u00f3n en sus estrategias y operaciones, as\u00ed como para que act\u00faen de forma que avancen los objetivos sociales y la implementaci\u00f3n de","og_url":"http:\/\/www.andi.hn\/boletin\/los-diez-principios\/","og_site_name":"ANDI","article_modified_time":"2022-06-09T16:29:43+00:00","og_image":[{"url":"http:\/\/www.andi.hn\/boletin\/wp-content\/uploads\/2022\/02\/FONDO-DDHH-1024x449.png"}],"twitter_card":"summary_large_image","twitter_misc":{"Tiempo de lectura":"3 minutos"},"schema":{"@context":"https:\/\/schema.org","@graph":[{"@type":"Organization","@id":"http:\/\/www.andi.hn\/boletin\/#organization","name":"Bolet\u00edn Industrial de Derechos Humanos","url":"http:\/\/www.andi.hn\/boletin\/","sameAs":[],"logo":{"@type":"ImageObject","@id":"http:\/\/www.andi.hn\/boletin\/#logo","inLanguage":"es","url":"http:\/\/www.andi.hn\/boletin\/wp-content\/uploads\/2019\/04\/andi.png","contentUrl":"http:\/\/www.andi.hn\/boletin\/wp-content\/uploads\/2019\/04\/andi.png","width":600,"height":315,"caption":"Bolet\u00edn Industrial de Derechos Humanos"},"image":{"@id":"http:\/\/www.andi.hn\/boletin\/#logo"}},{"@type":"WebSite","@id":"http:\/\/www.andi.hn\/boletin\/#website","url":"http:\/\/www.andi.hn\/boletin\/","name":"ANDI","description":"Bolet\u00edn de Derechos Humanos","publisher":{"@id":"http:\/\/www.andi.hn\/boletin\/#organization"},"potentialAction":[{"@type":"SearchAction","target":{"@type":"EntryPoint","urlTemplate":"http:\/\/www.andi.hn\/boletin\/?s={search_term_string}"},"query-input":"required name=search_term_string"}],"inLanguage":"es"},{"@type":"ImageObject","@id":"http:\/\/www.andi.hn\/boletin\/los-diez-principios\/#primaryimage","inLanguage":"es","url":"http:\/\/www.andi.hn\/boletin\/wp-content\/uploads\/2022\/02\/FONDO-DDHH-1024x449.png","contentUrl":"http:\/\/www.andi.hn\/boletin\/wp-content\/uploads\/2022\/02\/FONDO-DDHH-1024x449.png"},{"@type":"WebPage","@id":"http:\/\/www.andi.hn\/boletin\/los-diez-principios\/#webpage","url":"http:\/\/www.andi.hn\/boletin\/los-diez-principios\/","name":"LOS DIEZ PRINCIPIOS DEL PACTO MUNDIAL DE LA ONU. &raquo; ANDI","isPartOf":{"@id":"http:\/\/www.andi.hn\/boletin\/#website"},"primaryImageOfPage":{"@id":"http:\/\/www.andi.hn\/boletin\/los-diez-principios\/#primaryimage"},"datePublished":"2022-02-01T18:17:29+00:00","dateModified":"2022-06-09T16:29:43+00:00","breadcrumb":{"@id":"http:\/\/www.andi.hn\/boletin\/los-diez-principios\/#breadcrumb"},"inLanguage":"es","potentialAction":[{"@type":"ReadAction","target":["http:\/\/www.andi.hn\/boletin\/los-diez-principios\/"]}]},{"@type":"BreadcrumbList","@id":"http:\/\/www.andi.hn\/boletin\/los-diez-principios\/#breadcrumb","itemListElement":[{"@type":"ListItem","position":1,"name":"Portada","item":"http:\/\/www.andi.hn\/boletin\/"},{"@type":"ListItem","position":2,"name":"LOS DIEZ PRINCIPIOS DEL PACTO MUNDIAL DE LA ONU."}]}]}},"_links":{"self":[{"href":"https:\/\/www.andi.hn\/boletin\/wp-json\/wp\/v2\/pages\/1492"}],"collection":[{"href":"https:\/\/www.andi.hn\/boletin\/wp-json\/wp\/v2\/pages"}],"about":[{"href":"https:\/\/www.andi.hn\/boletin\/wp-json\/wp\/v2\/types\/page"}],"author":[{"embeddable":true,"href":"https:\/\/www.andi.hn\/boletin\/wp-json\/wp\/v2\/users\/5"}],"replies":[{"embeddable":true,"href":"https:\/\/www.andi.hn\/boletin\/wp-json\/wp\/v2\/comments?post=1492"}],"version-history":[{"count":4,"href":"https:\/\/www.andi.hn\/boletin\/wp-json\/wp\/v2\/pages\/1492\/revisions"}],"predecessor-version":[{"id":1785,"href":"https:\/\/www.andi.hn\/boletin\/wp-json\/wp\/v2\/pages\/1492\/revisions\/1785"}],"wp:attachment":[{"href":"https:\/\/www.andi.hn\/boletin\/wp-json\/wp\/v2\/media?parent=1492"}],"curies":[{"name":"wp","href":"https:\/\/api.w.org\/{rel}","templated":true}]}}