{"id":687,"date":"2019-09-17T19:57:44","date_gmt":"2019-09-18T01:57:44","guid":{"rendered":"http:\/\/www.andi.hn\/boletin\/?page_id=687"},"modified":"2019-09-17T20:00:42","modified_gmt":"2019-09-18T02:00:42","slug":"septiembre-2019","status":"publish","type":"page","link":"http:\/\/www.andi.hn\/boletin\/septiembre-2019\/","title":{"rendered":"Septiembre 2019"},"content":{"rendered":"<p>[vc_row][vc_column][vc_column_text]<\/p>\n<h1>Noticias &#8211; Septiembre 2019<\/h1>\n<p>[\/vc_column_text][\/vc_column][\/vc_row][vc_row][vc_column]\n\t<section class=\"cf block loop-grid\" data-id=\"1\">\n\t\n\t\t\t\t\n\t\t<div class=\"block-content\">\n\t\t\n\t<div class=\"posts-dynamic posts-container ts-row grid count-0 has-grid-2\">\n\t\t\t\n\t\t\t\t\t\n\t\t\t\t\t\t\n\t\t\t\t\t\t\t\n\t\t\t\t\t\t\t\t\n\t\t\t\t<div class=\"posts-wrap\">\t\t\t\t\n\t\t\t\t\t\t\n\t\t\t\t\t\t\n\t\t\t\t\t\t\t\t\n\t\t\t\t\t<div class=\"col-6\">\t\n\t\t\t\t\t\t\n<article id=\"post-648\" class=\"grid-post post-648 post type-post status-publish format-standard has-post-thumbnail category-noticias tag-avance tag-comunidad tag-ddhh tag-derechos-humanos tag-desarrollo tag-honduras tag-industria tag-medio-ambiente tag-ods tag-paniddhh tag-progreso tag-reforestacion tag-septiembre-2019 has-excerpt grid-cols-2\">\n\t\n\t<div class=\"post-header cf\">\n\t\t\t\n\t\t<div class=\"post-thumb\">\n\t\t\t<a href=\"http:\/\/www.andi.hn\/boletin\/reforestando-nuestros-bosques\/\" class=\"image-link\">\n\t\t\t\n\t\t\t\t<img width=\"370\" height=\"285\" src=\"http:\/\/www.andi.hn\/boletin\/wp-content\/uploads\/2019\/09\/Plantacion-de-arboles-370x285.jpg\" class=\"attachment-cheerup-grid size-cheerup-grid wp-post-image\" alt=\"\" loading=\"lazy\" title=\"Reforestando nuestros bosques.\" srcset=\"http:\/\/www.andi.hn\/boletin\/wp-content\/uploads\/2019\/09\/Plantacion-de-arboles-370x285.jpg 370w, http:\/\/www.andi.hn\/boletin\/wp-content\/uploads\/2019\/09\/Plantacion-de-arboles-260x200.jpg 260w, http:\/\/www.andi.hn\/boletin\/wp-content\/uploads\/2019\/09\/Plantacion-de-arboles-87x67.jpg 87w\" sizes=\"(max-width: 370px) 100vw, 370px\" \/>\t\t\t\t\t\n\t\t\t\t\n\t\t\t<\/a>\n\t\t\t\n\t\t\t\t\t<\/div>\n\t\t\n\t\t<div class=\"meta-title\">\n\t\t\n\t\t\t\t<div class=\"post-meta post-meta-a\">\n\t\t\n\t\t\t\t\n\t\t\t<span class=\"post-cat\">\t\n\t\t\t\t\t\t\t\t\t\n\t\t<a href=\"http:\/\/www.andi.hn\/boletin\/category\/noticias\/\" class=\"category\">Noticias<\/a>\n\n\t\t\t\t\t<\/span>\n\t\t\t\n\t\t\t<span class=\"meta-sep\"><\/span>\n\t\t\t\n\t\t\t\t\t\n\t\t\t\t\t<a href=\"http:\/\/www.andi.hn\/boletin\/reforestando-nuestros-bosques\/\" class=\"date-link\"><time class=\"post-date\" datetime=\"2019-09-16T16:02:25-06:00\">16 septiembre, 2019<\/time><\/a>\n\t\t\t\t\n\t\t\t\t\t\n\t\t\t\n\t\t\t<h2 class=\"post-title-alt\">\n\t\t\t\t\t\t\t\n\t\t\t\t<a href=\"http:\/\/www.andi.hn\/boletin\/reforestando-nuestros-bosques\/\">Reforestando nuestros bosques.<\/a>\n\t\t\t\t\t\n\t\t\t\t\t\t\t<\/h2>\n\t\t\t\n\t\t\n\t<\/div>\t\t\n\t\t<\/div>\n\t\t\n\t<\/div><!-- .post-header -->\n\n\t\t<div class=\"post-content post-excerpt cf\">\n\t\t<p>Dinant realiz\u00f3 una actividad de reforestaci\u00f3n donde m\u00e1s de 100 voluntarios, m\u00e1s algunos familiares se hicieron presente para plantar 1,000 \u00e1rboles en el Parque y Jard\u00edn Bot\u00e1nico P\u00e9rez&hellip;<\/p>\n\t\t\t\n\t<\/div><!-- .post-content -->\n\t\t\n\t\t\n\t\t\n<\/article>\n\t\t\t\t\t<\/div>\n\t\t\t\t\t\n\t\t\t\t\t\t\t\t\t\n\t\t\t\t\t\t\n\t\t\t\t\t\n\t\t\t\t\t\t\n\t\t\t\t\t\t\n\t\t\t\t\t\t\t\t\n\t\t\t\t\t<div class=\"col-6\">\t\n\t\t\t\t\t\t\n<article id=\"post-644\" class=\"grid-post post-644 post type-post status-publish format-standard has-post-thumbnail category-noticias tag-avance tag-comunidad tag-ddhh tag-derechos-humanos tag-desarrollo tag-educacion tag-honduras tag-industria tag-ods tag-paniddhh tag-progreso tag-septiembre-2019 has-excerpt grid-cols-2\">\n\t\n\t<div class=\"post-header cf\">\n\t\t\t\n\t\t<div class=\"post-thumb\">\n\t\t\t<a href=\"http:\/\/www.andi.hn\/boletin\/se-realizaron-charlas-de-primeros-auxilios-en-escuelas-informacion-que-salva-vidas\/\" class=\"image-link\">\n\t\t\t\n\t\t\t\t<img width=\"370\" height=\"285\" src=\"http:\/\/www.andi.hn\/boletin\/wp-content\/uploads\/2019\/09\/Charlas-primeros-auxilios-370x285.jpg\" class=\"attachment-cheerup-grid size-cheerup-grid wp-post-image\" alt=\"\" loading=\"lazy\" title=\"Se realizaron charlas de primeros auxilios en escuelas, informaci\u00f3n que salva vidas.\" srcset=\"http:\/\/www.andi.hn\/boletin\/wp-content\/uploads\/2019\/09\/Charlas-primeros-auxilios-370x285.jpg 370w, http:\/\/www.andi.hn\/boletin\/wp-content\/uploads\/2019\/09\/Charlas-primeros-auxilios-260x200.jpg 260w, http:\/\/www.andi.hn\/boletin\/wp-content\/uploads\/2019\/09\/Charlas-primeros-auxilios-87x67.jpg 87w\" sizes=\"(max-width: 370px) 100vw, 370px\" \/>\t\t\t\t\t\n\t\t\t\t\n\t\t\t<\/a>\n\t\t\t\n\t\t\t\t\t<\/div>\n\t\t\n\t\t<div class=\"meta-title\">\n\t\t\n\t\t\t\t<div class=\"post-meta post-meta-a\">\n\t\t\n\t\t\t\t\n\t\t\t<span class=\"post-cat\">\t\n\t\t\t\t\t\t\t\t\t\n\t\t<a href=\"http:\/\/www.andi.hn\/boletin\/category\/noticias\/\" class=\"category\">Noticias<\/a>\n\n\t\t\t\t\t<\/span>\n\t\t\t\n\t\t\t<span class=\"meta-sep\"><\/span>\n\t\t\t\n\t\t\t\t\t\n\t\t\t\t\t<a href=\"http:\/\/www.andi.hn\/boletin\/se-realizaron-charlas-de-primeros-auxilios-en-escuelas-informacion-que-salva-vidas\/\" class=\"date-link\"><time class=\"post-date\" datetime=\"2019-09-16T15:46:52-06:00\">16 septiembre, 2019<\/time><\/a>\n\t\t\t\t\n\t\t\t\t\t\n\t\t\t\n\t\t\t<h2 class=\"post-title-alt\">\n\t\t\t\t\t\t\t\n\t\t\t\t<a href=\"http:\/\/www.andi.hn\/boletin\/se-realizaron-charlas-de-primeros-auxilios-en-escuelas-informacion-que-salva-vidas\/\">Se realizaron charlas de primeros auxilios en escuelas, informaci\u00f3n que salva vidas.<\/a>\n\t\t\t\t\t\n\t\t\t\t\t\t\t<\/h2>\n\t\t\t\n\t\t\n\t<\/div>\t\t\n\t\t<\/div>\n\t\t\n\t<\/div><!-- .post-header -->\n\n\t\t<div class=\"post-content post-excerpt cf\">\n\t\t<p>En apoyo a la educaci\u00f3n y salud de los ni\u00f1os en las zonas de influencia del Valle de Agu\u00e1n, Dinant en conjunto con el equipo de los centros&hellip;<\/p>\n\t\t\t\n\t<\/div><!-- .post-content -->\n\t\t\n\t\t\n\t\t\n<\/article>\n\t\t\t\t\t<\/div>\n\t\t\t\t\t\n\t\t\t\t\t\t\t\t\t\n\t\t\t\t\t\t\n\t\t\t\t\t\n\t\t\t\t\t\t\n\t\t\t\t\t\t\n\t\t\t\t\t\t\t\t\n\t\t\t\t\t<div class=\"col-6\">\t\n\t\t\t\t\t\t\n<article id=\"post-640\" class=\"grid-post post-640 post type-post status-publish format-standard has-post-thumbnail category-noticias tag-avance tag-comunidad tag-ddhh tag-derechos-humanos tag-desarrollo tag-educacion tag-honduras tag-industria tag-ods tag-paniddhh tag-progreso tag-septiembre-2019 has-excerpt grid-cols-2\">\n\t\n\t<div class=\"post-header cf\">\n\t\t\t\n\t\t<div class=\"post-thumb\">\n\t\t\t<a href=\"http:\/\/www.andi.hn\/boletin\/dinant-colaborando-con-la-educacion-de-los-ninos-en-sus-comunidades\/\" class=\"image-link\">\n\t\t\t\n\t\t\t\t<img width=\"370\" height=\"285\" src=\"http:\/\/www.andi.hn\/boletin\/wp-content\/uploads\/2019\/09\/Inauguraci\u00f3n-aula-escolar-Ruben-Antunez-370x285.jpg\" class=\"attachment-cheerup-grid size-cheerup-grid wp-post-image\" alt=\"\" loading=\"lazy\" title=\"Dinant colaborando con la educaci\u00f3n de los ni\u00f1os en sus comunidades.\" srcset=\"http:\/\/www.andi.hn\/boletin\/wp-content\/uploads\/2019\/09\/Inauguraci\u00f3n-aula-escolar-Ruben-Antunez-370x285.jpg 370w, http:\/\/www.andi.hn\/boletin\/wp-content\/uploads\/2019\/09\/Inauguraci\u00f3n-aula-escolar-Ruben-Antunez-260x200.jpg 260w, http:\/\/www.andi.hn\/boletin\/wp-content\/uploads\/2019\/09\/Inauguraci\u00f3n-aula-escolar-Ruben-Antunez-87x67.jpg 87w\" sizes=\"(max-width: 370px) 100vw, 370px\" \/>\t\t\t\t\t\n\t\t\t\t\n\t\t\t<\/a>\n\t\t\t\n\t\t\t\t\t<\/div>\n\t\t\n\t\t<div class=\"meta-title\">\n\t\t\n\t\t\t\t<div class=\"post-meta post-meta-a\">\n\t\t\n\t\t\t\t\n\t\t\t<span class=\"post-cat\">\t\n\t\t\t\t\t\t\t\t\t\n\t\t<a href=\"http:\/\/www.andi.hn\/boletin\/category\/noticias\/\" class=\"category\">Noticias<\/a>\n\n\t\t\t\t\t<\/span>\n\t\t\t\n\t\t\t<span class=\"meta-sep\"><\/span>\n\t\t\t\n\t\t\t\t\t\n\t\t\t\t\t<a href=\"http:\/\/www.andi.hn\/boletin\/dinant-colaborando-con-la-educacion-de-los-ninos-en-sus-comunidades\/\" class=\"date-link\"><time class=\"post-date\" datetime=\"2019-09-16T15:34:42-06:00\">16 septiembre, 2019<\/time><\/a>\n\t\t\t\t\n\t\t\t\t\t\n\t\t\t\n\t\t\t<h2 class=\"post-title-alt\">\n\t\t\t\t\t\t\t\n\t\t\t\t<a href=\"http:\/\/www.andi.hn\/boletin\/dinant-colaborando-con-la-educacion-de-los-ninos-en-sus-comunidades\/\">Dinant colaborando con la educaci\u00f3n de los ni\u00f1os en sus comunidades.<\/a>\n\t\t\t\t\t\n\t\t\t\t\t\t\t<\/h2>\n\t\t\t\n\t\t\n\t<\/div>\t\t\n\t\t<\/div>\n\t\t\n\t<\/div><!-- .post-header -->\n\n\t\t<div class=\"post-content post-excerpt cf\">\n\t\t<p>Dinant realiz\u00f3 la inauguraci\u00f3n de una aula escolar para el Centro B\u00e1sico R\u00faben Ant\u00fanez C. que atiende a 400 alumnos de la comunidad San Jos\u00e9 del Cinco en&hellip;<\/p>\n\t\t\t\n\t<\/div><!-- .post-content -->\n\t\t\n\t\t\n\t\t\n<\/article>\n\t\t\t\t\t<\/div>\n\t\t\t\t\t\n\t\t\t\t\t\t\t\t\t\n\t\t\t\t\t\t\n\t\t\t\t\t\n\t\t\t\t\t\t\n\t\t\t\t\t\t\n\t\t\t\t\t\t\t\t\n\t\t\t\t\t<div class=\"col-6\">\t\n\t\t\t\t\t\t\n<article id=\"post-637\" class=\"grid-post post-637 post type-post status-publish format-standard has-post-thumbnail category-noticias tag-avance tag-comunidad tag-ddhh tag-derechos-humanos tag-desarrollo tag-honduras tag-industria tag-ods tag-paniddhh tag-progreso tag-septiembre-2019 has-excerpt grid-cols-2\">\n\t\n\t<div class=\"post-header cf\">\n\t\t\t\n\t\t<div class=\"post-thumb\">\n\t\t\t<a href=\"http:\/\/www.andi.hn\/boletin\/nacaome-ii-construye-modulos-sanitarios-en-comunidad-la-brea\/\" class=\"image-link\">\n\t\t\t\n\t\t\t\t<img width=\"370\" height=\"285\" src=\"http:\/\/www.andi.hn\/boletin\/wp-content\/uploads\/2019\/09\/IMG-20190821-WA0000-370x285.jpg\" class=\"attachment-cheerup-grid size-cheerup-grid wp-post-image\" alt=\"\" loading=\"lazy\" title=\"Nacaome II  construye M\u00f3dulos Sanitarios en comunidad La Brea.\" srcset=\"http:\/\/www.andi.hn\/boletin\/wp-content\/uploads\/2019\/09\/IMG-20190821-WA0000-370x285.jpg 370w, http:\/\/www.andi.hn\/boletin\/wp-content\/uploads\/2019\/09\/IMG-20190821-WA0000-260x200.jpg 260w, http:\/\/www.andi.hn\/boletin\/wp-content\/uploads\/2019\/09\/IMG-20190821-WA0000-87x67.jpg 87w\" sizes=\"(max-width: 370px) 100vw, 370px\" \/>\t\t\t\t\t\n\t\t\t\t\n\t\t\t<\/a>\n\t\t\t\n\t\t\t\t\t<\/div>\n\t\t\n\t\t<div class=\"meta-title\">\n\t\t\n\t\t\t\t<div class=\"post-meta post-meta-a\">\n\t\t\n\t\t\t\t\n\t\t\t<span class=\"post-cat\">\t\n\t\t\t\t\t\t\t\t\t\n\t\t<a href=\"http:\/\/www.andi.hn\/boletin\/category\/noticias\/\" class=\"category\">Noticias<\/a>\n\n\t\t\t\t\t<\/span>\n\t\t\t\n\t\t\t<span class=\"meta-sep\"><\/span>\n\t\t\t\n\t\t\t\t\t\n\t\t\t\t\t<a href=\"http:\/\/www.andi.hn\/boletin\/nacaome-ii-construye-modulos-sanitarios-en-comunidad-la-brea\/\" class=\"date-link\"><time class=\"post-date\" datetime=\"2019-09-16T14:34:43-06:00\">16 septiembre, 2019<\/time><\/a>\n\t\t\t\t\n\t\t\t\t\t\n\t\t\t\n\t\t\t<h2 class=\"post-title-alt\">\n\t\t\t\t\t\t\t\n\t\t\t\t<a href=\"http:\/\/www.andi.hn\/boletin\/nacaome-ii-construye-modulos-sanitarios-en-comunidad-la-brea\/\">Nacaome II  construye M\u00f3dulos Sanitarios en comunidad La Brea.<\/a>\n\t\t\t\t\t\n\t\t\t\t\t\t\t<\/h2>\n\t\t\t\n\t\t\n\t<\/div>\t\t\n\t\t<\/div>\n\t\t\n\t<\/div><!-- .post-header -->\n\n\t\t<div class=\"post-content post-excerpt cf\">\n\t\t<p>Conscientes de la importancia de impulsar proyectos que contribuyan con la mejora de la calidad y condiciones de vida de sus vecinos, es una de las prioridades para&hellip;<\/p>\n\t\t\t\n\t<\/div><!-- .post-content -->\n\t\t\n\t\t\n\t\t\n<\/article>\n\t\t\t\t\t<\/div>\n\t\t\t\t\t\n\t\t\t\t\t\t\t\t\t\n\t\t\t\t\t\t\n\t\t\t\t\t\n\t\t\t\t\t\t\n\t\t\t\t\t\t\n\t\t\t\t\t\t\t\t\n\t\t\t\t\t<div class=\"col-6\">\t\n\t\t\t\t\t\t\n<article id=\"post-634\" class=\"grid-post post-634 post type-post status-publish format-standard has-post-thumbnail category-noticias tag-avance tag-comunidad tag-ddhh tag-deportes tag-derechos-humanos tag-desarrollo tag-honduras tag-industria tag-ods tag-paniddhh tag-progreso tag-septiembre-2019 has-excerpt grid-cols-2\">\n\t\n\t<div class=\"post-header cf\">\n\t\t\t\n\t\t<div class=\"post-thumb\">\n\t\t\t<a href=\"http:\/\/www.andi.hn\/boletin\/interplast-da-apoyo-al-deporte-en-choluteca\/\" class=\"image-link\">\n\t\t\t\n\t\t\t\t<img width=\"370\" height=\"285\" src=\"http:\/\/www.andi.hn\/boletin\/wp-content\/uploads\/2019\/09\/deporte-en-choluteca-2-370x285.jpg\" class=\"attachment-cheerup-grid size-cheerup-grid wp-post-image\" alt=\"\" loading=\"lazy\" title=\"Interplast da apoyo al deporte en Choluteca.\" srcset=\"http:\/\/www.andi.hn\/boletin\/wp-content\/uploads\/2019\/09\/deporte-en-choluteca-2-370x285.jpg 370w, http:\/\/www.andi.hn\/boletin\/wp-content\/uploads\/2019\/09\/deporte-en-choluteca-2-260x200.jpg 260w, http:\/\/www.andi.hn\/boletin\/wp-content\/uploads\/2019\/09\/deporte-en-choluteca-2-87x67.jpg 87w\" sizes=\"(max-width: 370px) 100vw, 370px\" \/>\t\t\t\t\t\n\t\t\t\t\n\t\t\t<\/a>\n\t\t\t\n\t\t\t\t\t<\/div>\n\t\t\n\t\t<div class=\"meta-title\">\n\t\t\n\t\t\t\t<div class=\"post-meta post-meta-a\">\n\t\t\n\t\t\t\t\n\t\t\t<span class=\"post-cat\">\t\n\t\t\t\t\t\t\t\t\t\n\t\t<a href=\"http:\/\/www.andi.hn\/boletin\/category\/noticias\/\" class=\"category\">Noticias<\/a>\n\n\t\t\t\t\t<\/span>\n\t\t\t\n\t\t\t<span class=\"meta-sep\"><\/span>\n\t\t\t\n\t\t\t\t\t\n\t\t\t\t\t<a href=\"http:\/\/www.andi.hn\/boletin\/interplast-da-apoyo-al-deporte-en-choluteca\/\" class=\"date-link\"><time class=\"post-date\" datetime=\"2019-09-16T14:09:15-06:00\">16 septiembre, 2019<\/time><\/a>\n\t\t\t\t\n\t\t\t\t\t\n\t\t\t\n\t\t\t<h2 class=\"post-title-alt\">\n\t\t\t\t\t\t\t\n\t\t\t\t<a href=\"http:\/\/www.andi.hn\/boletin\/interplast-da-apoyo-al-deporte-en-choluteca\/\">Interplast da apoyo al deporte en Choluteca.<\/a>\n\t\t\t\t\t\n\t\t\t\t\t\t\t<\/h2>\n\t\t\t\n\t\t\n\t<\/div>\t\t\n\t\t<\/div>\n\t\t\n\t<\/div><!-- .post-header -->\n\n\t\t<div class=\"post-content post-excerpt cf\">\n\t\t<p>Interplast realizo el donativo de 16 uniformes a el grupo de j\u00f3venes que forman  el equipo de  futbol juvenil de la \u201cescuela lempira\u201d en la aldea de yuculimay,&hellip;<\/p>\n\t\t\t\n\t<\/div><!-- .post-content -->\n\t\t\n\t\t\n\t\t\n<\/article>\n\t\t\t\t\t<\/div>\n\t\t\t\t\t\n\t\t\t\t\t\t\t\t\t\n\t\t\t\t\t\t\n\t\t\t\t\t\n\t\t\t\t\t\t\n\t\t\t\t\t\t\n\t\t\t\t\t\t\t\t\n\t\t\t\t\t<div class=\"col-6\">\t\n\t\t\t\t\t\t\n<article id=\"post-631\" class=\"grid-post post-631 post type-post status-publish format-standard has-post-thumbnail category-noticias tag-avance tag-comunidad tag-ddhh tag-derechos-humanos tag-desarrollo tag-destacada tag-honduras tag-industria tag-mujer tag-ods tag-paniddhh tag-progreso tag-septiembre-2019 has-excerpt grid-cols-2\">\n\t\n\t<div class=\"post-header cf\">\n\t\t\t\n\t\t<div class=\"post-thumb\">\n\t\t\t<a href=\"http:\/\/www.andi.hn\/boletin\/empoderamos-a-la-mujer-como-ente-generador-de-fuerza-motriz-e-ideas-para-la-economia-local\/\" class=\"image-link\">\n\t\t\t\n\t\t\t\t<img width=\"370\" height=\"285\" src=\"http:\/\/www.andi.hn\/boletin\/wp-content\/uploads\/2019\/09\/Fotovoltaica-Los-Prados-Mujer-370x285.jpg\" class=\"attachment-cheerup-grid size-cheerup-grid wp-post-image\" alt=\"\" loading=\"lazy\" title=\"Empoderamos a la mujer como ente generador de fuerza motriz e ideas para la econom\u00eda local.\" srcset=\"http:\/\/www.andi.hn\/boletin\/wp-content\/uploads\/2019\/09\/Fotovoltaica-Los-Prados-Mujer-370x285.jpg 370w, http:\/\/www.andi.hn\/boletin\/wp-content\/uploads\/2019\/09\/Fotovoltaica-Los-Prados-Mujer-260x200.jpg 260w, http:\/\/www.andi.hn\/boletin\/wp-content\/uploads\/2019\/09\/Fotovoltaica-Los-Prados-Mujer-87x67.jpg 87w\" sizes=\"(max-width: 370px) 100vw, 370px\" \/>\t\t\t\t\t\n\t\t\t\t\n\t\t\t<\/a>\n\t\t\t\n\t\t\t\t\t<\/div>\n\t\t\n\t\t<div class=\"meta-title\">\n\t\t\n\t\t\t\t<div class=\"post-meta post-meta-a\">\n\t\t\n\t\t\t\t\n\t\t\t<span class=\"post-cat\">\t\n\t\t\t\t\t\t\t\t\t\n\t\t<a href=\"http:\/\/www.andi.hn\/boletin\/category\/noticias\/\" class=\"category\">Noticias<\/a>\n\n\t\t\t\t\t<\/span>\n\t\t\t\n\t\t\t<span class=\"meta-sep\"><\/span>\n\t\t\t\n\t\t\t\t\t\n\t\t\t\t\t<a href=\"http:\/\/www.andi.hn\/boletin\/empoderamos-a-la-mujer-como-ente-generador-de-fuerza-motriz-e-ideas-para-la-economia-local\/\" class=\"date-link\"><time class=\"post-date\" datetime=\"2019-09-16T11:27:30-06:00\">16 septiembre, 2019<\/time><\/a>\n\t\t\t\t\n\t\t\t\t\t\n\t\t\t\n\t\t\t<h2 class=\"post-title-alt\">\n\t\t\t\t\t\t\t\n\t\t\t\t<a href=\"http:\/\/www.andi.hn\/boletin\/empoderamos-a-la-mujer-como-ente-generador-de-fuerza-motriz-e-ideas-para-la-economia-local\/\">Empoderamos a la mujer como ente generador de fuerza motriz e ideas para la econom\u00eda local.<\/a>\n\t\t\t\t\t\n\t\t\t\t\t\t\t<\/h2>\n\t\t\t\n\t\t\n\t<\/div>\t\t\n\t\t<\/div>\n\t\t\n\t<\/div><!-- .post-header -->\n\n\t\t<div class=\"post-content post-excerpt cf\">\n\t\t<p>Conscientes de la importancia de impulsar programas que vinculen a la mujer como parte toral en el desarrollo; Fotovoltaica Los Prados cuenta con una serie de proyectos que&hellip;<\/p>\n\t\t\t\n\t<\/div><!-- .post-content -->\n\t\t\n\t\t\n\t\t\n<\/article>\n\t\t\t\t\t<\/div>\n\t\t\t\t\t\n\t\t\t\t\t\t\t\t\t\n\t\t\t\t\t\t\n\t\t\t\t\n\t\t<\/div>\n\t<\/div>\n\t\n\t\n\t\n\n\t\n\t\t\n\t<div class=\"main-pagination load-more\">\n\t\t<a href=\"http:\/\/www.andi.hn\/boletin\/wp-json\/wp\/v2\/pages\/687\/page\/2\/\" class=\"load-button\" data-page=\"1\">\n\t\t\tLoad More <i class=\"fa fa-repeat\"><\/i>\n\t\t<\/a>\n\t<\/div>\t\n\t\n\t\n\n\t\t<\/div>\n\t\n\t<\/section>\n\n[\/vc_column][\/vc_row]<\/p>\n","protected":false},"excerpt":{"rendered":"<p>[vc_row][vc_column][vc_column_text] Noticias &#8211; Septiembre 2019 [\/vc_column_text][\/vc_column][\/vc_row][vc_row][vc_column][\/vc_column][\/vc_row]<\/p>\n","protected":false},"author":2,"featured_media":0,"parent":0,"menu_order":0,"comment_status":"closed","ping_status":"closed","template":"page-blocks.php","meta":[],"yoast_head":"<!-- This site is optimized with the Yoast SEO plugin v18.1 - https:\/\/yoast.com\/wordpress\/plugins\/seo\/ -->\n<title>Septiembre 2019 &raquo; ANDI<\/title>\n<meta name=\"robots\" content=\"index, follow, max-snippet:-1, max-image-preview:large, max-video-preview:-1\" \/>\n<link rel=\"canonical\" href=\"http:\/\/www.andi.hn\/boletin\/septiembre-2019\/\" \/>\n<meta property=\"og:locale\" content=\"es_ES\" \/>\n<meta property=\"og:type\" content=\"article\" \/>\n<meta property=\"og:title\" content=\"Septiembre 2019 &raquo; ANDI\" \/>\n<meta property=\"og:description\" content=\"[vc_row][vc_column][vc_column_text] Noticias &#8211; Septiembre 2019 [\/vc_column_text][\/vc_column][\/vc_row][vc_row][vc_column][\/vc_column][\/vc_row]\" \/>\n<meta property=\"og:url\" content=\"http:\/\/www.andi.hn\/boletin\/septiembre-2019\/\" \/>\n<meta property=\"og:site_name\" content=\"ANDI\" \/>\n<meta property=\"article:modified_time\" content=\"2019-09-18T02:00:42+00:00\" \/>\n<meta name=\"twitter:card\" content=\"summary_large_image\" \/>\n<script type=\"application\/ld+json\" class=\"yoast-schema-graph\">{\"@context\":\"https:\/\/schema.org\",\"@graph\":[{\"@type\":\"Organization\",\"@id\":\"http:\/\/www.andi.hn\/boletin\/#organization\",\"name\":\"Bolet\u00edn Industrial de Derechos Humanos\",\"url\":\"http:\/\/www.andi.hn\/boletin\/\",\"sameAs\":[],\"logo\":{\"@type\":\"ImageObject\",\"@id\":\"http:\/\/www.andi.hn\/boletin\/#logo\",\"inLanguage\":\"es\",\"url\":\"http:\/\/www.andi.hn\/boletin\/wp-content\/uploads\/2019\/04\/andi.png\",\"contentUrl\":\"http:\/\/www.andi.hn\/boletin\/wp-content\/uploads\/2019\/04\/andi.png\",\"width\":600,\"height\":315,\"caption\":\"Bolet\u00edn Industrial de Derechos Humanos\"},\"image\":{\"@id\":\"http:\/\/www.andi.hn\/boletin\/#logo\"}},{\"@type\":\"WebSite\",\"@id\":\"http:\/\/www.andi.hn\/boletin\/#website\",\"url\":\"http:\/\/www.andi.hn\/boletin\/\",\"name\":\"ANDI\",\"description\":\"Bolet\u00edn de Derechos Humanos\",\"publisher\":{\"@id\":\"http:\/\/www.andi.hn\/boletin\/#organization\"},\"potentialAction\":[{\"@type\":\"SearchAction\",\"target\":{\"@type\":\"EntryPoint\",\"urlTemplate\":\"http:\/\/www.andi.hn\/boletin\/?s={search_term_string}\"},\"query-input\":\"required name=search_term_string\"}],\"inLanguage\":\"es\"},{\"@type\":\"WebPage\",\"@id\":\"http:\/\/www.andi.hn\/boletin\/septiembre-2019\/#webpage\",\"url\":\"http:\/\/www.andi.hn\/boletin\/septiembre-2019\/\",\"name\":\"Septiembre 2019 &raquo; ANDI\",\"isPartOf\":{\"@id\":\"http:\/\/www.andi.hn\/boletin\/#website\"},\"datePublished\":\"2019-09-18T01:57:44+00:00\",\"dateModified\":\"2019-09-18T02:00:42+00:00\",\"breadcrumb\":{\"@id\":\"http:\/\/www.andi.hn\/boletin\/septiembre-2019\/#breadcrumb\"},\"inLanguage\":\"es\",\"potentialAction\":[{\"@type\":\"ReadAction\",\"target\":[\"http:\/\/www.andi.hn\/boletin\/septiembre-2019\/\"]}]},{\"@type\":\"BreadcrumbList\",\"@id\":\"http:\/\/www.andi.hn\/boletin\/septiembre-2019\/#breadcrumb\",\"itemListElement\":[{\"@type\":\"ListItem\",\"position\":1,\"name\":\"Portada\",\"item\":\"http:\/\/www.andi.hn\/boletin\/\"},{\"@type\":\"ListItem\",\"position\":2,\"name\":\"Septiembre 2019\"}]}]}<\/script>\n<!-- \/ Yoast SEO plugin. -->","yoast_head_json":{"title":"Septiembre 2019 &raquo; ANDI","robots":{"index":"index","follow":"follow","max-snippet":"max-snippet:-1","max-image-preview":"max-image-preview:large","max-video-preview":"max-video-preview:-1"},"canonical":"http:\/\/www.andi.hn\/boletin\/septiembre-2019\/","og_locale":"es_ES","og_type":"article","og_title":"Septiembre 2019 &raquo; ANDI","og_description":"[vc_row][vc_column][vc_column_text] Noticias &#8211; Septiembre 2019 [\/vc_column_text][\/vc_column][\/vc_row][vc_row][vc_column][\/vc_column][\/vc_row]","og_url":"http:\/\/www.andi.hn\/boletin\/septiembre-2019\/","og_site_name":"ANDI","article_modified_time":"2019-09-18T02:00:42+00:00","twitter_card":"summary_large_image","schema":{"@context":"https:\/\/schema.org","@graph":[{"@type":"Organization","@id":"http:\/\/www.andi.hn\/boletin\/#organization","name":"Bolet\u00edn Industrial de Derechos Humanos","url":"http:\/\/www.andi.hn\/boletin\/","sameAs":[],"logo":{"@type":"ImageObject","@id":"http:\/\/www.andi.hn\/boletin\/#logo","inLanguage":"es","url":"http:\/\/www.andi.hn\/boletin\/wp-content\/uploads\/2019\/04\/andi.png","contentUrl":"http:\/\/www.andi.hn\/boletin\/wp-content\/uploads\/2019\/04\/andi.png","width":600,"height":315,"caption":"Bolet\u00edn Industrial de Derechos Humanos"},"image":{"@id":"http:\/\/www.andi.hn\/boletin\/#logo"}},{"@type":"WebSite","@id":"http:\/\/www.andi.hn\/boletin\/#website","url":"http:\/\/www.andi.hn\/boletin\/","name":"ANDI","description":"Bolet\u00edn de Derechos Humanos","publisher":{"@id":"http:\/\/www.andi.hn\/boletin\/#organization"},"potentialAction":[{"@type":"SearchAction","target":{"@type":"EntryPoint","urlTemplate":"http:\/\/www.andi.hn\/boletin\/?s={search_term_string}"},"query-input":"required name=search_term_string"}],"inLanguage":"es"},{"@type":"WebPage","@id":"http:\/\/www.andi.hn\/boletin\/septiembre-2019\/#webpage","url":"http:\/\/www.andi.hn\/boletin\/septiembre-2019\/","name":"Septiembre 2019 &raquo; ANDI","isPartOf":{"@id":"http:\/\/www.andi.hn\/boletin\/#website"},"datePublished":"2019-09-18T01:57:44+00:00","dateModified":"2019-09-18T02:00:42+00:00","breadcrumb":{"@id":"http:\/\/www.andi.hn\/boletin\/septiembre-2019\/#breadcrumb"},"inLanguage":"es","potentialAction":[{"@type":"ReadAction","target":["http:\/\/www.andi.hn\/boletin\/septiembre-2019\/"]}]},{"@type":"BreadcrumbList","@id":"http:\/\/www.andi.hn\/boletin\/septiembre-2019\/#breadcrumb","itemListElement":[{"@type":"ListItem","position":1,"name":"Portada","item":"http:\/\/www.andi.hn\/boletin\/"},{"@type":"ListItem","position":2,"name":"Septiembre 2019"}]}]}},"_links":{"self":[{"href":"http:\/\/www.andi.hn\/boletin\/wp-json\/wp\/v2\/pages\/687"}],"collection":[{"href":"http:\/\/www.andi.hn\/boletin\/wp-json\/wp\/v2\/pages"}],"about":[{"href":"http:\/\/www.andi.hn\/boletin\/wp-json\/wp\/v2\/types\/page"}],"author":[{"embeddable":true,"href":"http:\/\/www.andi.hn\/boletin\/wp-json\/wp\/v2\/users\/2"}],"replies":[{"embeddable":true,"href":"http:\/\/www.andi.hn\/boletin\/wp-json\/wp\/v2\/comments?post=687"}],"version-history":[{"count":2,"href":"http:\/\/www.andi.hn\/boletin\/wp-json\/wp\/v2\/pages\/687\/revisions"}],"predecessor-version":[{"id":690,"href":"http:\/\/www.andi.hn\/boletin\/wp-json\/wp\/v2\/pages\/687\/revisions\/690"}],"wp:attachment":[{"href":"http:\/\/www.andi.hn\/boletin\/wp-json\/wp\/v2\/media?parent=687"}],"curies":[{"name":"wp","href":"https:\/\/api.w.org\/{rel}","templated":true}]}}