{"id":579,"date":"2019-08-14T15:45:50","date_gmt":"2019-08-14T21:45:50","guid":{"rendered":"http:\/\/www.andi.hn\/boletin\/?page_id=579"},"modified":"2019-08-14T15:45:50","modified_gmt":"2019-08-14T21:45:50","slug":"agosto-2019","status":"publish","type":"page","link":"http:\/\/www.andi.hn\/boletin\/agosto-2019\/","title":{"rendered":"Agosto 2019"},"content":{"rendered":"<p>[vc_row][vc_column][vc_column_text]<\/p>\n<h1>Noticias &#8211; Agosto 2019<\/h1>\n<p>[\/vc_column_text][\/vc_column][\/vc_row][vc_row][vc_column]\n\t<section class=\"cf block loop-grid\" data-id=\"1\">\n\t\n\t\t\t\t\n\t\t<div class=\"block-content\">\n\t\t\n\t<div class=\"posts-dynamic posts-container ts-row grid count-0 has-grid-2\">\n\t\t\t\n\t\t\t\t\t\n\t\t\t\t\t\t\n\t\t\t\t\t\t\t\n\t\t\t\t\t\t\t\t\n\t\t\t\t<div class=\"posts-wrap\">\t\t\t\t\n\t\t\t\t\t\t\n\t\t\t\t\t\t\n\t\t\t\t\t\t\t\t\n\t\t\t\t\t<div class=\"col-6\">\t\n\t\t\t\t\t\t\n<article id=\"post-618\" class=\"grid-post post-618 post type-post status-publish format-standard has-post-thumbnail category-noticias tag-agosto-2019 tag-avance tag-comunidad tag-derechos-humanos tag-desarrollo tag-honduras tag-industria tag-ods tag-paniddhh tag-progreso has-excerpt grid-cols-2\">\n\t\n\t<div class=\"post-header cf\">\n\t\t\t\n\t\t<div class=\"post-thumb\">\n\t\t\t<a href=\"http:\/\/www.andi.hn\/boletin\/agroindustria-de-la-cana-de-azucar-es-motor-de-desarrollo-contra-la-migracion-irregular\/\" class=\"image-link\">\n\t\t\t\n\t\t\t\t<img width=\"370\" height=\"285\" src=\"http:\/\/www.andi.hn\/boletin\/wp-content\/uploads\/2019\/08\/Trabajo-GG_Mesa-de-trabajo-1-370x285.png\" class=\"attachment-cheerup-grid size-cheerup-grid wp-post-image\" alt=\"\" loading=\"lazy\" title=\"Agroindustria de la ca\u00f1a de az\u00facar es motor de desarrollo contra la migraci\u00f3n irregular.\" srcset=\"http:\/\/www.andi.hn\/boletin\/wp-content\/uploads\/2019\/08\/Trabajo-GG_Mesa-de-trabajo-1-370x285.png 370w, http:\/\/www.andi.hn\/boletin\/wp-content\/uploads\/2019\/08\/Trabajo-GG_Mesa-de-trabajo-1-260x200.png 260w, http:\/\/www.andi.hn\/boletin\/wp-content\/uploads\/2019\/08\/Trabajo-GG_Mesa-de-trabajo-1-87x67.png 87w\" sizes=\"(max-width: 370px) 100vw, 370px\" \/>\t\t\t\t\t\n\t\t\t\t\n\t\t\t<\/a>\n\t\t\t\n\t\t\t\t\t<\/div>\n\t\t\n\t\t<div class=\"meta-title\">\n\t\t\n\t\t\t\t<div class=\"post-meta post-meta-a\">\n\t\t\n\t\t\t\t\n\t\t\t<span class=\"post-cat\">\t\n\t\t\t\t\t\t\t\t\t\n\t\t<a href=\"http:\/\/www.andi.hn\/boletin\/category\/noticias\/\" class=\"category\">Noticias<\/a>\n\n\t\t\t\t\t<\/span>\n\t\t\t\n\t\t\t<span class=\"meta-sep\"><\/span>\n\t\t\t\n\t\t\t\t\t\n\t\t\t\t\t<a href=\"http:\/\/www.andi.hn\/boletin\/agroindustria-de-la-cana-de-azucar-es-motor-de-desarrollo-contra-la-migracion-irregular\/\" class=\"date-link\"><time class=\"post-date\" datetime=\"2019-08-17T15:50:41-06:00\">17 agosto, 2019<\/time><\/a>\n\t\t\t\t\n\t\t\t\t\t\n\t\t\t\n\t\t\t<h2 class=\"post-title-alt\">\n\t\t\t\t\t\t\t\n\t\t\t\t<a href=\"http:\/\/www.andi.hn\/boletin\/agroindustria-de-la-cana-de-azucar-es-motor-de-desarrollo-contra-la-migracion-irregular\/\">Agroindustria de la ca\u00f1a de az\u00facar es motor de desarrollo contra la migraci\u00f3n irregular.<\/a>\n\t\t\t\t\t\n\t\t\t\t\t\t\t<\/h2>\n\t\t\t\n\t\t\n\t<\/div>\t\t\n\t\t<\/div>\n\t\t\n\t<\/div><!-- .post-header -->\n\n\t\t<div class=\"post-content post-excerpt cf\">\n\t\t<p>La ca\u00f1a de az\u00facar en Honduras se consolid\u00f3 como motor de desarrollo en la zona rural del pa\u00eds para frenar la migraci\u00f3n irregular, gracias al aporte de 200&hellip;<\/p>\n\t\t\t\n\t<\/div><!-- .post-content -->\n\t\t\n\t\t\n\t\t\n<\/article>\n\t\t\t\t\t<\/div>\n\t\t\t\t\t\n\t\t\t\t\t\t\t\t\t\n\t\t\t\t\t\t\n\t\t\t\t\t\n\t\t\t\t\t\t\n\t\t\t\t\t\t\n\t\t\t\t\t\t\t\t\n\t\t\t\t\t<div class=\"col-6\">\t\n\t\t\t\t\t\t\n<article id=\"post-612\" class=\"grid-post post-612 post type-post status-publish format-standard has-post-thumbnail category-noticias tag-agosto-2019 tag-avance tag-comunidad tag-derechos-humanos tag-desarrollo tag-educacion tag-emprendedurismo tag-honduras tag-industria tag-ods tag-paniddhh tag-progreso has-excerpt grid-cols-2\">\n\t\n\t<div class=\"post-header cf\">\n\t\t\t\n\t\t<div class=\"post-thumb\">\n\t\t\t<a href=\"http:\/\/www.andi.hn\/boletin\/alianza-entre-grupo-jaremar-y-funadeh-genesis-continua-motivando-a-jovenes-a-emprender\/\" class=\"image-link\">\n\t\t\t\n\t\t\t\t<img width=\"370\" height=\"285\" src=\"http:\/\/www.andi.hn\/boletin\/wp-content\/uploads\/2019\/08\/IMG_8145-1-370x285.jpg\" class=\"attachment-cheerup-grid size-cheerup-grid wp-post-image\" alt=\"\" loading=\"lazy\" title=\"Alianza entre Grupo Jaremar y FUNADEH GENESIS contin\u00faa motivando a j\u00f3venes a emprender.\" srcset=\"http:\/\/www.andi.hn\/boletin\/wp-content\/uploads\/2019\/08\/IMG_8145-1-370x285.jpg 370w, http:\/\/www.andi.hn\/boletin\/wp-content\/uploads\/2019\/08\/IMG_8145-1-260x200.jpg 260w, http:\/\/www.andi.hn\/boletin\/wp-content\/uploads\/2019\/08\/IMG_8145-1-87x67.jpg 87w\" sizes=\"(max-width: 370px) 100vw, 370px\" \/>\t\t\t\t\t\n\t\t\t\t\n\t\t\t<\/a>\n\t\t\t\n\t\t\t\t\t<\/div>\n\t\t\n\t\t<div class=\"meta-title\">\n\t\t\n\t\t\t\t<div class=\"post-meta post-meta-a\">\n\t\t\n\t\t\t\t\n\t\t\t<span class=\"post-cat\">\t\n\t\t\t\t\t\t\t\t\t\n\t\t<a href=\"http:\/\/www.andi.hn\/boletin\/category\/noticias\/\" class=\"category\">Noticias<\/a>\n\n\t\t\t\t\t<\/span>\n\t\t\t\n\t\t\t<span class=\"meta-sep\"><\/span>\n\t\t\t\n\t\t\t\t\t\n\t\t\t\t\t<a href=\"http:\/\/www.andi.hn\/boletin\/alianza-entre-grupo-jaremar-y-funadeh-genesis-continua-motivando-a-jovenes-a-emprender\/\" class=\"date-link\"><time class=\"post-date\" datetime=\"2019-08-17T15:23:21-06:00\">17 agosto, 2019<\/time><\/a>\n\t\t\t\t\n\t\t\t\t\t\n\t\t\t\n\t\t\t<h2 class=\"post-title-alt\">\n\t\t\t\t\t\t\t\n\t\t\t\t<a href=\"http:\/\/www.andi.hn\/boletin\/alianza-entre-grupo-jaremar-y-funadeh-genesis-continua-motivando-a-jovenes-a-emprender\/\">Alianza entre Grupo Jaremar y FUNADEH GENESIS contin\u00faa motivando a j\u00f3venes a emprender.<\/a>\n\t\t\t\t\t\n\t\t\t\t\t\t\t<\/h2>\n\t\t\t\n\t\t\n\t<\/div>\t\t\n\t\t<\/div>\n\t\t\n\t<\/div><!-- .post-header -->\n\n\t\t<div class=\"post-content post-excerpt cf\">\n\t\t<p>Como parte del convenio establecido entre Grupo Jaremar, la Fundaci\u00f3n Nacional para el Desarrollo de Honduras (FUNADEH) y la Agencia de los Estados para el Desarrollo Internacional (USAID),&hellip;<\/p>\n\t\t\t\n\t<\/div><!-- .post-content -->\n\t\t\n\t\t\n\t\t\n<\/article>\n\t\t\t\t\t<\/div>\n\t\t\t\t\t\n\t\t\t\t\t\t\t\t\t\n\t\t\t\t\t\t\n\t\t\t\t\t\n\t\t\t\t\t\t\n\t\t\t\t\t\t\n\t\t\t\t\t\t\t\t\n\t\t\t\t\t<div class=\"col-6\">\t\n\t\t\t\t\t\t\n<article id=\"post-608\" class=\"grid-post post-608 post type-post status-publish format-standard has-post-thumbnail category-noticias tag-agosto-2019 tag-avance tag-comunidad tag-derechos-humanos tag-desarrollo tag-educacion tag-honduras tag-industria tag-ods tag-paniddhh tag-progreso has-excerpt grid-cols-2\">\n\t\n\t<div class=\"post-header cf\">\n\t\t\t\n\t\t<div class=\"post-thumb\">\n\t\t\t<a href=\"http:\/\/www.andi.hn\/boletin\/grupo-jaremar-continua-beneficiando-a-las-futuras-generaciones-a-traves-de-su-pilar-de-educacion\/\" class=\"image-link\">\n\t\t\t\n\t\t\t\t<img width=\"370\" height=\"285\" src=\"http:\/\/www.andi.hn\/boletin\/wp-content\/uploads\/2019\/08\/DSC_0008-370x285.jpg\" class=\"attachment-cheerup-grid size-cheerup-grid wp-post-image\" alt=\"\" loading=\"lazy\" title=\"Grupo Jaremar contin\u00faa beneficiando a las futuras generaciones a trav\u00e9s de su Pilar de Educaci\u00f3n.\" srcset=\"http:\/\/www.andi.hn\/boletin\/wp-content\/uploads\/2019\/08\/DSC_0008-370x285.jpg 370w, http:\/\/www.andi.hn\/boletin\/wp-content\/uploads\/2019\/08\/DSC_0008-260x200.jpg 260w, http:\/\/www.andi.hn\/boletin\/wp-content\/uploads\/2019\/08\/DSC_0008-87x67.jpg 87w\" sizes=\"(max-width: 370px) 100vw, 370px\" \/>\t\t\t\t\t\n\t\t\t\t\n\t\t\t<\/a>\n\t\t\t\n\t\t\t\t\t<\/div>\n\t\t\n\t\t<div class=\"meta-title\">\n\t\t\n\t\t\t\t<div class=\"post-meta post-meta-a\">\n\t\t\n\t\t\t\t\n\t\t\t<span class=\"post-cat\">\t\n\t\t\t\t\t\t\t\t\t\n\t\t<a href=\"http:\/\/www.andi.hn\/boletin\/category\/noticias\/\" class=\"category\">Noticias<\/a>\n\n\t\t\t\t\t<\/span>\n\t\t\t\n\t\t\t<span class=\"meta-sep\"><\/span>\n\t\t\t\n\t\t\t\t\t\n\t\t\t\t\t<a href=\"http:\/\/www.andi.hn\/boletin\/grupo-jaremar-continua-beneficiando-a-las-futuras-generaciones-a-traves-de-su-pilar-de-educacion\/\" class=\"date-link\"><time class=\"post-date\" datetime=\"2019-08-17T15:14:36-06:00\">17 agosto, 2019<\/time><\/a>\n\t\t\t\t\n\t\t\t\t\t\n\t\t\t\n\t\t\t<h2 class=\"post-title-alt\">\n\t\t\t\t\t\t\t\n\t\t\t\t<a href=\"http:\/\/www.andi.hn\/boletin\/grupo-jaremar-continua-beneficiando-a-las-futuras-generaciones-a-traves-de-su-pilar-de-educacion\/\">Grupo Jaremar contin\u00faa beneficiando a las futuras generaciones a trav\u00e9s de su Pilar de Educaci\u00f3n.<\/a>\n\t\t\t\t\t\n\t\t\t\t\t\t\t<\/h2>\n\t\t\t\n\t\t\n\t<\/div>\t\t\n\t\t<\/div>\n\t\t\n\t<\/div><!-- .post-header -->\n\n\t\t<div class=\"post-content post-excerpt cf\">\n\t\t<p>Con mucho \u00e9xito y en un ambiente de celebraci\u00f3n, las empresas Grupo Jaremar y PALSA S.A. a trav\u00e9s de su programa de infraestructura escolar culminaron la reconstrucci\u00f3n de&hellip;<\/p>\n\t\t\t\n\t<\/div><!-- .post-content -->\n\t\t\n\t\t\n\t\t\n<\/article>\n\t\t\t\t\t<\/div>\n\t\t\t\t\t\n\t\t\t\t\t\t\t\t\t\n\t\t\t\t\t\t\n\t\t\t\t\t\n\t\t\t\t\t\t\n\t\t\t\t\t\t\n\t\t\t\t\t\t\t\t\n\t\t\t\t\t<div class=\"col-6\">\t\n\t\t\t\t\t\t\n<article id=\"post-556\" class=\"grid-post post-556 post type-post status-publish format-standard has-post-thumbnail category-noticias tag-agosto-2019 tag-avance tag-comunidad tag-dengue tag-derechos-humanos tag-desarrollo tag-destacada tag-honduras tag-industria tag-ods tag-paniddhh tag-progreso tag-salud has-excerpt grid-cols-2\">\n\t\n\t<div class=\"post-header cf\">\n\t\t\t\n\t\t<div class=\"post-thumb\">\n\t\t\t<a href=\"http:\/\/www.andi.hn\/boletin\/agropor-se-une-a-la-lucha-contra-el-dengue\/\" class=\"image-link\">\n\t\t\t\n\t\t\t\t<img width=\"370\" height=\"285\" src=\"http:\/\/www.andi.hn\/boletin\/wp-content\/uploads\/2019\/08\/Campa\u00f1a-Contra-el-Dengue-370x285.jpg\" class=\"attachment-cheerup-grid size-cheerup-grid wp-post-image\" alt=\"\" loading=\"lazy\" title=\"AGROPOR se une a la lucha contra el Dengue.\" srcset=\"http:\/\/www.andi.hn\/boletin\/wp-content\/uploads\/2019\/08\/Campa\u00f1a-Contra-el-Dengue-370x285.jpg 370w, http:\/\/www.andi.hn\/boletin\/wp-content\/uploads\/2019\/08\/Campa\u00f1a-Contra-el-Dengue-260x200.jpg 260w, http:\/\/www.andi.hn\/boletin\/wp-content\/uploads\/2019\/08\/Campa\u00f1a-Contra-el-Dengue-87x67.jpg 87w\" sizes=\"(max-width: 370px) 100vw, 370px\" \/>\t\t\t\t\t\n\t\t\t\t\n\t\t\t<\/a>\n\t\t\t\n\t\t\t\t\t<\/div>\n\t\t\n\t\t<div class=\"meta-title\">\n\t\t\n\t\t\t\t<div class=\"post-meta post-meta-a\">\n\t\t\n\t\t\t\t\n\t\t\t<span class=\"post-cat\">\t\n\t\t\t\t\t\t\t\t\t\n\t\t<a href=\"http:\/\/www.andi.hn\/boletin\/category\/noticias\/\" class=\"category\">Noticias<\/a>\n\n\t\t\t\t\t<\/span>\n\t\t\t\n\t\t\t<span class=\"meta-sep\"><\/span>\n\t\t\t\n\t\t\t\t\t\n\t\t\t\t\t<a href=\"http:\/\/www.andi.hn\/boletin\/agropor-se-une-a-la-lucha-contra-el-dengue\/\" class=\"date-link\"><time class=\"post-date\" datetime=\"2019-08-13T23:34:20-06:00\">13 agosto, 2019<\/time><\/a>\n\t\t\t\t\n\t\t\t\t\t\n\t\t\t\n\t\t\t<h2 class=\"post-title-alt\">\n\t\t\t\t\t\t\t\n\t\t\t\t<a href=\"http:\/\/www.andi.hn\/boletin\/agropor-se-une-a-la-lucha-contra-el-dengue\/\">AGROPOR se une a la lucha contra el Dengue.<\/a>\n\t\t\t\t\t\n\t\t\t\t\t\t\t<\/h2>\n\t\t\t\n\t\t\n\t<\/div>\t\t\n\t\t<\/div>\n\t\t\n\t<\/div><!-- .post-header -->\n\n\t\t<div class=\"post-content post-excerpt cf\">\n\t\t<p>Las autoridades del municipio del Porvenir junto a los patronatos, LA RECOTURH, AGROPOR y junta de agua de la comunidad de La Uni\u00f3n y sus alrededores, iniciaron una&hellip;<\/p>\n\t\t\t\n\t<\/div><!-- .post-content -->\n\t\t\n\t\t\n\t\t\n<\/article>\n\t\t\t\t\t<\/div>\n\t\t\t\t\t\n\t\t\t\t\t\t\t\t\t\n\t\t\t\t\t\t\n\t\t\t\t\t\n\t\t\t\t\t\t\n\t\t\t\t\t\t\n\t\t\t\t\t\t\t\t\n\t\t\t\t\t<div class=\"col-6\">\t\n\t\t\t\t\t\t\n<article id=\"post-553\" class=\"grid-post post-553 post type-post status-publish format-standard has-post-thumbnail category-noticias tag-agosto-2019 tag-alianzas tag-avance tag-comunidad tag-derechos-humanos tag-desarrollo tag-honduras tag-industria tag-medio-ambiente tag-ods tag-paniddhh tag-progreso has-excerpt grid-cols-2\">\n\t\n\t<div class=\"post-header cf\">\n\t\t\t\n\t\t<div class=\"post-thumb\">\n\t\t\t<a href=\"http:\/\/www.andi.hn\/boletin\/mi-playa-limpia-2019-un-exito-gracias-a-la-colaboracion-de-agropor\/\" class=\"image-link\">\n\t\t\t\n\t\t\t\t<img width=\"370\" height=\"285\" src=\"http:\/\/www.andi.hn\/boletin\/wp-content\/uploads\/2019\/08\/Mi-playa-limpia-2019-370x285.jpg\" class=\"attachment-cheerup-grid size-cheerup-grid wp-post-image\" alt=\"\" loading=\"lazy\" title=\"\u00abMi playa limpia 2019\u00bb un \u00e9xito gracias a la colaboraci\u00f3n de AGROPOR.\" srcset=\"http:\/\/www.andi.hn\/boletin\/wp-content\/uploads\/2019\/08\/Mi-playa-limpia-2019-370x285.jpg 370w, http:\/\/www.andi.hn\/boletin\/wp-content\/uploads\/2019\/08\/Mi-playa-limpia-2019-260x200.jpg 260w, http:\/\/www.andi.hn\/boletin\/wp-content\/uploads\/2019\/08\/Mi-playa-limpia-2019-87x67.jpg 87w\" sizes=\"(max-width: 370px) 100vw, 370px\" \/>\t\t\t\t\t\n\t\t\t\t\n\t\t\t<\/a>\n\t\t\t\n\t\t\t\t\t<\/div>\n\t\t\n\t\t<div class=\"meta-title\">\n\t\t\n\t\t\t\t<div class=\"post-meta post-meta-a\">\n\t\t\n\t\t\t\t\n\t\t\t<span class=\"post-cat\">\t\n\t\t\t\t\t\t\t\t\t\n\t\t<a href=\"http:\/\/www.andi.hn\/boletin\/category\/noticias\/\" class=\"category\">Noticias<\/a>\n\n\t\t\t\t\t<\/span>\n\t\t\t\n\t\t\t<span class=\"meta-sep\"><\/span>\n\t\t\t\n\t\t\t\t\t\n\t\t\t\t\t<a href=\"http:\/\/www.andi.hn\/boletin\/mi-playa-limpia-2019-un-exito-gracias-a-la-colaboracion-de-agropor\/\" class=\"date-link\"><time class=\"post-date\" datetime=\"2019-08-13T23:24:19-06:00\">13 agosto, 2019<\/time><\/a>\n\t\t\t\t\n\t\t\t\t\t\n\t\t\t\n\t\t\t<h2 class=\"post-title-alt\">\n\t\t\t\t\t\t\t\n\t\t\t\t<a href=\"http:\/\/www.andi.hn\/boletin\/mi-playa-limpia-2019-un-exito-gracias-a-la-colaboracion-de-agropor\/\">\u00abMi playa limpia 2019\u00bb un \u00e9xito gracias a la colaboraci\u00f3n de AGROPOR.<\/a>\n\t\t\t\t\t\n\t\t\t\t\t\t\t<\/h2>\n\t\t\t\n\t\t\n\t<\/div>\t\t\n\t\t<\/div>\n\t\t\n\t<\/div><!-- .post-header -->\n\n\t\t<div class=\"post-content post-excerpt cf\">\n\t\t<p>En el mes de marzo del 2019 se realizaron las primeras reuniones con representantes a nivel central y regional de Mi Ambiente (Secretaria de Recursos Naturales), en donde&hellip;<\/p>\n\t\t\t\n\t<\/div><!-- .post-content -->\n\t\t\n\t\t\n\t\t\n<\/article>\n\t\t\t\t\t<\/div>\n\t\t\t\t\t\n\t\t\t\t\t\t\t\t\t\n\t\t\t\t\t\t\n\t\t\t\t\t\n\t\t\t\t\t\t\n\t\t\t\t\t\t\n\t\t\t\t\t\t\t\t\n\t\t\t\t\t<div class=\"col-6\">\t\n\t\t\t\t\t\t\n<article id=\"post-549\" class=\"grid-post post-549 post type-post status-publish format-standard has-post-thumbnail category-noticias tag-agosto-2019 tag-avance tag-comunidad tag-derechos-humanos tag-desarrollo tag-educacion tag-honduras tag-industria tag-ods tag-paniddhh tag-progreso has-excerpt grid-cols-2\">\n\t\n\t<div class=\"post-header cf\">\n\t\t\t\n\t\t<div class=\"post-thumb\">\n\t\t\t<a href=\"http:\/\/www.andi.hn\/boletin\/colaborando-con-la-educacion-digna-de-los-ninos-de-san-antonio\/\" class=\"image-link\">\n\t\t\t\n\t\t\t\t<img width=\"370\" height=\"285\" src=\"http:\/\/www.andi.hn\/boletin\/wp-content\/uploads\/2019\/08\/kinder-arely-Portada-370x285.jpg\" class=\"attachment-cheerup-grid size-cheerup-grid wp-post-image\" alt=\"\" loading=\"lazy\" title=\"Colaborando con la educaci\u00f3n digna de los ni\u00f1os de San Antonio.\" srcset=\"http:\/\/www.andi.hn\/boletin\/wp-content\/uploads\/2019\/08\/kinder-arely-Portada-370x285.jpg 370w, http:\/\/www.andi.hn\/boletin\/wp-content\/uploads\/2019\/08\/kinder-arely-Portada-260x200.jpg 260w, http:\/\/www.andi.hn\/boletin\/wp-content\/uploads\/2019\/08\/kinder-arely-Portada-87x67.jpg 87w\" sizes=\"(max-width: 370px) 100vw, 370px\" \/>\t\t\t\t\t\n\t\t\t\t\n\t\t\t<\/a>\n\t\t\t\n\t\t\t\t\t<\/div>\n\t\t\n\t\t<div class=\"meta-title\">\n\t\t\n\t\t\t\t<div class=\"post-meta post-meta-a\">\n\t\t\n\t\t\t\t\n\t\t\t<span class=\"post-cat\">\t\n\t\t\t\t\t\t\t\t\t\n\t\t<a href=\"http:\/\/www.andi.hn\/boletin\/category\/noticias\/\" class=\"category\">Noticias<\/a>\n\n\t\t\t\t\t<\/span>\n\t\t\t\n\t\t\t<span class=\"meta-sep\"><\/span>\n\t\t\t\n\t\t\t\t\t\n\t\t\t\t\t<a href=\"http:\/\/www.andi.hn\/boletin\/colaborando-con-la-educacion-digna-de-los-ninos-de-san-antonio\/\" class=\"date-link\"><time class=\"post-date\" datetime=\"2019-08-13T23:10:53-06:00\">13 agosto, 2019<\/time><\/a>\n\t\t\t\t\n\t\t\t\t\t\n\t\t\t\n\t\t\t<h2 class=\"post-title-alt\">\n\t\t\t\t\t\t\t\n\t\t\t\t<a href=\"http:\/\/www.andi.hn\/boletin\/colaborando-con-la-educacion-digna-de-los-ninos-de-san-antonio\/\">Colaborando con la educaci\u00f3n digna de los ni\u00f1os de San Antonio.<\/a>\n\t\t\t\t\t\n\t\t\t\t\t\t\t<\/h2>\n\t\t\t\n\t\t\n\t<\/div>\t\t\n\t\t<\/div>\n\t\t\n\t<\/div><!-- .post-header -->\n\n\t\t<div class=\"post-content post-excerpt cf\">\n\t\t<p>Un conjunto con los miembros de la comunidad de San Benito y la Alcald\u00eda de la Villa de San Antonio en conjunto con DINANT, realizar\u00f3n la construcci\u00f3n y&hellip;<\/p>\n\t\t\t\n\t<\/div><!-- .post-content -->\n\t\t\n\t\t\n\t\t\n<\/article>\n\t\t\t\t\t<\/div>\n\t\t\t\t\t\n\t\t\t\t\t\t\t\t\t\n\t\t\t\t\t\t\n\t\t\t\t\n\t\t<\/div>\n\t<\/div>\n\t\n\t\n\t\n\n\t\n\t\t\n\t<div class=\"main-pagination load-more\">\n\t\t<a href=\"http:\/\/www.andi.hn\/boletin\/wp-json\/wp\/v2\/pages\/579\/page\/2\/\" class=\"load-button\" data-page=\"1\">\n\t\t\tLoad More <i class=\"fa fa-repeat\"><\/i>\n\t\t<\/a>\n\t<\/div>\t\n\t\n\t\n\n\t\t<\/div>\n\t\n\t<\/section>\n\n[\/vc_column][\/vc_row]<\/p>\n","protected":false},"excerpt":{"rendered":"<p>[vc_row][vc_column][vc_column_text] Noticias &#8211; Agosto 2019 [\/vc_column_text][\/vc_column][\/vc_row][vc_row][vc_column][\/vc_column][\/vc_row]<\/p>\n","protected":false},"author":2,"featured_media":0,"parent":0,"menu_order":0,"comment_status":"closed","ping_status":"closed","template":"page-blocks.php","meta":[],"yoast_head":"<!-- This site is optimized with the Yoast SEO plugin v18.1 - https:\/\/yoast.com\/wordpress\/plugins\/seo\/ -->\n<title>Agosto 2019 &raquo; ANDI<\/title>\n<meta name=\"robots\" content=\"index, follow, max-snippet:-1, max-image-preview:large, max-video-preview:-1\" \/>\n<link rel=\"canonical\" href=\"http:\/\/www.andi.hn\/boletin\/agosto-2019\/\" \/>\n<meta property=\"og:locale\" content=\"es_ES\" \/>\n<meta property=\"og:type\" content=\"article\" \/>\n<meta property=\"og:title\" content=\"Agosto 2019 &raquo; ANDI\" \/>\n<meta property=\"og:description\" content=\"[vc_row][vc_column][vc_column_text] Noticias &#8211; Agosto 2019 [\/vc_column_text][\/vc_column][\/vc_row][vc_row][vc_column][\/vc_column][\/vc_row]\" \/>\n<meta property=\"og:url\" content=\"http:\/\/www.andi.hn\/boletin\/agosto-2019\/\" \/>\n<meta property=\"og:site_name\" content=\"ANDI\" \/>\n<meta name=\"twitter:card\" content=\"summary_large_image\" \/>\n<script type=\"application\/ld+json\" class=\"yoast-schema-graph\">{\"@context\":\"https:\/\/schema.org\",\"@graph\":[{\"@type\":\"Organization\",\"@id\":\"https:\/\/www.andi.hn\/boletin\/#organization\",\"name\":\"Bolet\u00edn Industrial de Derechos Humanos\",\"url\":\"https:\/\/www.andi.hn\/boletin\/\",\"sameAs\":[],\"logo\":{\"@type\":\"ImageObject\",\"@id\":\"https:\/\/www.andi.hn\/boletin\/#logo\",\"inLanguage\":\"es\",\"url\":\"http:\/\/www.andi.hn\/boletin\/wp-content\/uploads\/2019\/04\/andi.png\",\"contentUrl\":\"http:\/\/www.andi.hn\/boletin\/wp-content\/uploads\/2019\/04\/andi.png\",\"width\":600,\"height\":315,\"caption\":\"Bolet\u00edn Industrial de Derechos Humanos\"},\"image\":{\"@id\":\"https:\/\/www.andi.hn\/boletin\/#logo\"}},{\"@type\":\"WebSite\",\"@id\":\"https:\/\/www.andi.hn\/boletin\/#website\",\"url\":\"https:\/\/www.andi.hn\/boletin\/\",\"name\":\"ANDI\",\"description\":\"Bolet\u00edn de Derechos Humanos\",\"publisher\":{\"@id\":\"https:\/\/www.andi.hn\/boletin\/#organization\"},\"potentialAction\":[{\"@type\":\"SearchAction\",\"target\":{\"@type\":\"EntryPoint\",\"urlTemplate\":\"https:\/\/www.andi.hn\/boletin\/?s={search_term_string}\"},\"query-input\":\"required name=search_term_string\"}],\"inLanguage\":\"es\"},{\"@type\":\"WebPage\",\"@id\":\"http:\/\/www.andi.hn\/boletin\/agosto-2019\/#webpage\",\"url\":\"http:\/\/www.andi.hn\/boletin\/agosto-2019\/\",\"name\":\"Agosto 2019 &raquo; ANDI\",\"isPartOf\":{\"@id\":\"https:\/\/www.andi.hn\/boletin\/#website\"},\"datePublished\":\"2019-08-14T21:45:50+00:00\",\"dateModified\":\"2019-08-14T21:45:50+00:00\",\"breadcrumb\":{\"@id\":\"http:\/\/www.andi.hn\/boletin\/agosto-2019\/#breadcrumb\"},\"inLanguage\":\"es\",\"potentialAction\":[{\"@type\":\"ReadAction\",\"target\":[\"http:\/\/www.andi.hn\/boletin\/agosto-2019\/\"]}]},{\"@type\":\"BreadcrumbList\",\"@id\":\"http:\/\/www.andi.hn\/boletin\/agosto-2019\/#breadcrumb\",\"itemListElement\":[{\"@type\":\"ListItem\",\"position\":1,\"name\":\"Portada\",\"item\":\"https:\/\/www.andi.hn\/boletin\/\"},{\"@type\":\"ListItem\",\"position\":2,\"name\":\"Agosto 2019\"}]}]}<\/script>\n<!-- \/ Yoast SEO plugin. -->","yoast_head_json":{"title":"Agosto 2019 &raquo; ANDI","robots":{"index":"index","follow":"follow","max-snippet":"max-snippet:-1","max-image-preview":"max-image-preview:large","max-video-preview":"max-video-preview:-1"},"canonical":"http:\/\/www.andi.hn\/boletin\/agosto-2019\/","og_locale":"es_ES","og_type":"article","og_title":"Agosto 2019 &raquo; ANDI","og_description":"[vc_row][vc_column][vc_column_text] Noticias &#8211; Agosto 2019 [\/vc_column_text][\/vc_column][\/vc_row][vc_row][vc_column][\/vc_column][\/vc_row]","og_url":"http:\/\/www.andi.hn\/boletin\/agosto-2019\/","og_site_name":"ANDI","twitter_card":"summary_large_image","schema":{"@context":"https:\/\/schema.org","@graph":[{"@type":"Organization","@id":"https:\/\/www.andi.hn\/boletin\/#organization","name":"Bolet\u00edn Industrial de Derechos Humanos","url":"https:\/\/www.andi.hn\/boletin\/","sameAs":[],"logo":{"@type":"ImageObject","@id":"https:\/\/www.andi.hn\/boletin\/#logo","inLanguage":"es","url":"http:\/\/www.andi.hn\/boletin\/wp-content\/uploads\/2019\/04\/andi.png","contentUrl":"http:\/\/www.andi.hn\/boletin\/wp-content\/uploads\/2019\/04\/andi.png","width":600,"height":315,"caption":"Bolet\u00edn Industrial de Derechos Humanos"},"image":{"@id":"https:\/\/www.andi.hn\/boletin\/#logo"}},{"@type":"WebSite","@id":"https:\/\/www.andi.hn\/boletin\/#website","url":"https:\/\/www.andi.hn\/boletin\/","name":"ANDI","description":"Bolet\u00edn de Derechos Humanos","publisher":{"@id":"https:\/\/www.andi.hn\/boletin\/#organization"},"potentialAction":[{"@type":"SearchAction","target":{"@type":"EntryPoint","urlTemplate":"https:\/\/www.andi.hn\/boletin\/?s={search_term_string}"},"query-input":"required name=search_term_string"}],"inLanguage":"es"},{"@type":"WebPage","@id":"http:\/\/www.andi.hn\/boletin\/agosto-2019\/#webpage","url":"http:\/\/www.andi.hn\/boletin\/agosto-2019\/","name":"Agosto 2019 &raquo; ANDI","isPartOf":{"@id":"https:\/\/www.andi.hn\/boletin\/#website"},"datePublished":"2019-08-14T21:45:50+00:00","dateModified":"2019-08-14T21:45:50+00:00","breadcrumb":{"@id":"http:\/\/www.andi.hn\/boletin\/agosto-2019\/#breadcrumb"},"inLanguage":"es","potentialAction":[{"@type":"ReadAction","target":["http:\/\/www.andi.hn\/boletin\/agosto-2019\/"]}]},{"@type":"BreadcrumbList","@id":"http:\/\/www.andi.hn\/boletin\/agosto-2019\/#breadcrumb","itemListElement":[{"@type":"ListItem","position":1,"name":"Portada","item":"https:\/\/www.andi.hn\/boletin\/"},{"@type":"ListItem","position":2,"name":"Agosto 2019"}]}]}},"_links":{"self":[{"href":"http:\/\/www.andi.hn\/boletin\/wp-json\/wp\/v2\/pages\/579"}],"collection":[{"href":"http:\/\/www.andi.hn\/boletin\/wp-json\/wp\/v2\/pages"}],"about":[{"href":"http:\/\/www.andi.hn\/boletin\/wp-json\/wp\/v2\/types\/page"}],"author":[{"embeddable":true,"href":"http:\/\/www.andi.hn\/boletin\/wp-json\/wp\/v2\/users\/2"}],"replies":[{"embeddable":true,"href":"http:\/\/www.andi.hn\/boletin\/wp-json\/wp\/v2\/comments?post=579"}],"version-history":[{"count":1,"href":"http:\/\/www.andi.hn\/boletin\/wp-json\/wp\/v2\/pages\/579\/revisions"}],"predecessor-version":[{"id":580,"href":"http:\/\/www.andi.hn\/boletin\/wp-json\/wp\/v2\/pages\/579\/revisions\/580"}],"wp:attachment":[{"href":"http:\/\/www.andi.hn\/boletin\/wp-json\/wp\/v2\/media?parent=579"}],"curies":[{"name":"wp","href":"https:\/\/api.w.org\/{rel}","templated":true}]}}