{"id":2356,"date":"2022-08-11T12:34:02","date_gmt":"2022-08-11T18:34:02","guid":{"rendered":"http:\/\/www.andi.hn\/boletin\/?page_id=2356"},"modified":"2022-08-15T18:06:29","modified_gmt":"2022-08-16T00:06:29","slug":"noticias-internacionales","status":"publish","type":"page","link":"http:\/\/www.andi.hn\/boletin\/noticias-internacionales\/","title":{"rendered":"Noticias internacionales"},"content":{"rendered":"<p>[vc_row][vc_column][vc_column_text]<\/p>\n<h1>Noticias internacionales<\/h1>\n<p>[\/vc_column_text][\/vc_column][\/vc_row][vc_row][vc_column]\n<section class=\"cf block news-block\" data-id=\"1\">\n\t\n\t\t\n\t<div class=\"block-content ts-row\">\n\t\t<div class=\"col-6 large cf\">\n\t\t\t\n\t\t\t\t\n\t\t\t<article class=\"grid-post post-2996 post type-post status-publish format-standard has-post-thumbnail category-internacionales tag-noticias-globales\">\n\t\t\t\t\t\n\t\t\t\t<div class=\"post-header\">\n\t\t\t\t\t<div class=\"post-thumb\">\n\t\t\t\t\t\t<a href=\"http:\/\/www.andi.hn\/boletin\/csddd-aprobada-la-directiva-sobre-diligencia-debida-de-las-empresas\/\" class=\"image-link\">\n\t\t\t\t\t\t\t<img width=\"370\" height=\"285\" src=\"http:\/\/www.andi.hn\/boletin\/wp-content\/uploads\/2024\/05\/CSDDD-370x285.png\" class=\"attachment-cheerup-grid size-cheerup-grid wp-post-image\" alt=\"\" loading=\"lazy\" title=\"CSDDD: aprobada la Directiva sobre diligencia debida de las empresas\" srcset=\"http:\/\/www.andi.hn\/boletin\/wp-content\/uploads\/2024\/05\/CSDDD-370x285.png 370w, http:\/\/www.andi.hn\/boletin\/wp-content\/uploads\/2024\/05\/CSDDD-554x426.png 554w, http:\/\/www.andi.hn\/boletin\/wp-content\/uploads\/2024\/05\/CSDDD-260x200.png 260w, http:\/\/www.andi.hn\/boletin\/wp-content\/uploads\/2024\/05\/CSDDD-87x67.png 87w\" sizes=\"(max-width: 370px) 100vw, 370px\" \/>\t\t\t\t\t\t<\/a>\n\t\t\t\t\t\t\n\t\t\t\t\t\t\t\t\t\t\t<\/div>\n\t\t\t\t\t\n\t\t\t\t\t\n\t\t\t\t\t<div class=\"meta-title\">\n\t\t\t\t\t\t\t<div class=\"post-meta post-meta-a\">\n\t\t\n\t\t\t\t\n\t\t\t<span class=\"post-cat\">\t\n\t\t\t\t\t\t\t\t\t\n\t\t<a href=\"http:\/\/www.andi.hn\/boletin\/category\/noticias\/internacionales\/\" class=\"category\">Noticias internacionales<\/a>\n\n\t\t\t\t\t<\/span>\n\t\t\t\n\t\t\t<span class=\"meta-sep\"><\/span>\n\t\t\t\n\t\t\t\t\t\n\t\t\t\t\t<a href=\"http:\/\/www.andi.hn\/boletin\/csddd-aprobada-la-directiva-sobre-diligencia-debida-de-las-empresas\/\" class=\"date-link\"><time class=\"post-date\" datetime=\"2024-05-30T16:05:56-06:00\">30 mayo, 2024<\/time><\/a>\n\t\t\t\t\n\t\t\t\t\t\n\t\t\t\n\t\t\t<h2 class=\"post-title-alt\">\n\t\t\t\t\t\t\t\n\t\t\t\t<a href=\"http:\/\/www.andi.hn\/boletin\/csddd-aprobada-la-directiva-sobre-diligencia-debida-de-las-empresas\/\">CSDDD: aprobada la Directiva sobre diligencia debida de las empresas<\/a>\n\t\t\t\t\t\n\t\t\t\t\t\t\t<\/h2>\n\t\t\t\n\t\t\n\t<\/div>\t\t\t\t\t<\/div>\n\t\t\t\t<\/div>\n\t\t\t\t\n\t\t\t\t<div class=\"post-content post-excerpt cf\">\n\t\t\t\t<p>Europa vuelve a marcar un hito en el camino hacia la sostenibilidad con la aprobaci\u00f3n de la Directiva sobre diligencia debida de las empresas en materia de sostenibilidad (CSDDD, por sus siglas en ingl\u00e9s). Una nueva y ambiciosa apuesta, tras la aprobaci\u00f3n de la CSDR, que refuerza la posici\u00f3n del viejo continente como l\u00edder global en sostenibilidad empresarial y derechos humanos.<\/p>\n\t\t\t\t<\/div><!-- .post-content -->\n\t\n\t\t\t<\/article>\n\n\t\t\n\t\t\t\t\t\t\n\t\t<\/div>\n\n\n\t\t<div class=\"col-6 posts-list\">\n\t\t\n\t\t\t<div class=\"ts-row\">\n\t\t\t\n\t\t\t\t\n\t\t\t\t<article class=\"col-6 small-post cf\">\n\t\t\t\t\t<a href=\"http:\/\/www.andi.hn\/boletin\/estos-4-graficos-muestran-que-el-mundo-acaba-de-alcanzar-un-importante-hito-en-materia-de-energia-limpia\/\" class=\"image-link\"><img width=\"87\" height=\"67\" src=\"http:\/\/www.andi.hn\/boletin\/wp-content\/uploads\/2024\/05\/proyecto-paneles-solares-3d-ahorro-energetico_23-2148907417-87x67.jpg\" class=\"attachment-cheerup-thumb size-cheerup-thumb wp-post-image\" alt=\"\" loading=\"lazy\" title=\"Estos 4 gr\u00e1ficos muestran que el mundo acaba de alcanzar un importante hito en materia de energ\u00eda limpia\" srcset=\"http:\/\/www.andi.hn\/boletin\/wp-content\/uploads\/2024\/05\/proyecto-paneles-solares-3d-ahorro-energetico_23-2148907417-87x67.jpg 87w, http:\/\/www.andi.hn\/boletin\/wp-content\/uploads\/2024\/05\/proyecto-paneles-solares-3d-ahorro-energetico_23-2148907417-370x285.jpg 370w, http:\/\/www.andi.hn\/boletin\/wp-content\/uploads\/2024\/05\/proyecto-paneles-solares-3d-ahorro-energetico_23-2148907417-260x200.jpg 260w\" sizes=\"(max-width: 87px) 100vw, 87px\" \/>\t\t\t\t\n\t\t\t\t\t<\/a>\n\t\t\t\t\t\n\t\t\t\t\t<div class=\"content\">\n\t\t\t\t\t\t\n\t\t\t\t\t\t<a href=\"http:\/\/www.andi.hn\/boletin\/estos-4-graficos-muestran-que-el-mundo-acaba-de-alcanzar-un-importante-hito-en-materia-de-energia-limpia\/\" class=\"post-title\">Estos 4 gr\u00e1ficos muestran que el mundo acaba de alcanzar un importante hito en materia de energ\u00eda limpia<\/a>\n\t\t\t\t\t\t\n\t\t\t\t\t\t\t<div class=\"post-meta post-meta-a\">\n\t\t\n\t\t\t\t\t\n\t\t\t\t\t<a href=\"http:\/\/www.andi.hn\/boletin\/estos-4-graficos-muestran-que-el-mundo-acaba-de-alcanzar-un-importante-hito-en-materia-de-energia-limpia\/\" class=\"date-link\"><time class=\"post-date\" datetime=\"2024-05-09T11:38:14-06:00\">9 mayo, 2024<\/time><\/a>\n\t\t\t\t\n\t\t\n\t<\/div>\t\t\t\t\t\t\n\t\t\t\t\t<\/div>\n\t\t\t\t<\/article>\n\t\t\t\n\t\t\t\t\n\t\t\t\t<article class=\"col-6 small-post cf\">\n\t\t\t\t\t<a href=\"http:\/\/www.andi.hn\/boletin\/impacto-del-reglamento-de-importaciones-de-la-union-europea-en-las-agroexportaciones-peruanas\/\" class=\"image-link\"><img width=\"87\" height=\"67\" src=\"http:\/\/www.andi.hn\/boletin\/wp-content\/uploads\/2024\/04\/FXrC7W-87x67.png\" class=\"attachment-cheerup-thumb size-cheerup-thumb wp-post-image\" alt=\"\" loading=\"lazy\" title=\"Impacto del reglamento de importaciones de la Uni\u00f3n Europea en las agroexportaciones peruanas\" srcset=\"http:\/\/www.andi.hn\/boletin\/wp-content\/uploads\/2024\/04\/FXrC7W-87x67.png 87w, http:\/\/www.andi.hn\/boletin\/wp-content\/uploads\/2024\/04\/FXrC7W-370x285.png 370w, http:\/\/www.andi.hn\/boletin\/wp-content\/uploads\/2024\/04\/FXrC7W-260x200.png 260w\" sizes=\"(max-width: 87px) 100vw, 87px\" \/>\t\t\t\t\n\t\t\t\t\t<\/a>\n\t\t\t\t\t\n\t\t\t\t\t<div class=\"content\">\n\t\t\t\t\t\t\n\t\t\t\t\t\t<a href=\"http:\/\/www.andi.hn\/boletin\/impacto-del-reglamento-de-importaciones-de-la-union-europea-en-las-agroexportaciones-peruanas\/\" class=\"post-title\">Impacto del reglamento de importaciones de la Uni\u00f3n Europea en las agroexportaciones peruanas<\/a>\n\t\t\t\t\t\t\n\t\t\t\t\t\t\t<div class=\"post-meta post-meta-a\">\n\t\t\n\t\t\t\t\t\n\t\t\t\t\t<a href=\"http:\/\/www.andi.hn\/boletin\/impacto-del-reglamento-de-importaciones-de-la-union-europea-en-las-agroexportaciones-peruanas\/\" class=\"date-link\"><time class=\"post-date\" datetime=\"2024-02-01T17:02:07-06:00\">1 febrero, 2024<\/time><\/a>\n\t\t\t\t\n\t\t\n\t<\/div>\t\t\t\t\t\t\n\t\t\t\t\t<\/div>\n\t\t\t\t<\/article>\n\t\t\t\n\t\t\t\t\n\t\t\t\t<article class=\"col-6 small-post cf\">\n\t\t\t\t\t<a href=\"http:\/\/www.andi.hn\/boletin\/multiplicar-el-financiamiento-indispensable-para-detener-la-emergencia-climatica-en-america-latina\/\" class=\"image-link\"><img width=\"87\" height=\"67\" src=\"http:\/\/www.andi.hn\/boletin\/wp-content\/uploads\/2022\/09\/Inter-Emergencia-climatica-87x67.jpg\" class=\"attachment-cheerup-thumb size-cheerup-thumb wp-post-image\" alt=\"Multiplicar el financiamiento, indispensable para detener la emergencia clim\u00e1tica en Am\u00e9rica Latina\" loading=\"lazy\" title=\"Multiplicar el financiamiento, indispensable para detener la emergencia clim\u00e1tica en Am\u00e9rica Latina\" srcset=\"http:\/\/www.andi.hn\/boletin\/wp-content\/uploads\/2022\/09\/Inter-Emergencia-climatica-87x67.jpg 87w, http:\/\/www.andi.hn\/boletin\/wp-content\/uploads\/2022\/09\/Inter-Emergencia-climatica-370x285.jpg 370w, http:\/\/www.andi.hn\/boletin\/wp-content\/uploads\/2022\/09\/Inter-Emergencia-climatica-260x200.jpg 260w\" sizes=\"(max-width: 87px) 100vw, 87px\" \/>\t\t\t\t\n\t\t\t\t\t<\/a>\n\t\t\t\t\t\n\t\t\t\t\t<div class=\"content\">\n\t\t\t\t\t\t\n\t\t\t\t\t\t<a href=\"http:\/\/www.andi.hn\/boletin\/multiplicar-el-financiamiento-indispensable-para-detener-la-emergencia-climatica-en-america-latina\/\" class=\"post-title\">Multiplicar el financiamiento, indispensable para detener la emergencia clim\u00e1tica en Am\u00e9rica Latina<\/a>\n\t\t\t\t\t\t\n\t\t\t\t\t\t\t<div class=\"post-meta post-meta-a\">\n\t\t\n\t\t\t\t\t\n\t\t\t\t\t<a href=\"http:\/\/www.andi.hn\/boletin\/multiplicar-el-financiamiento-indispensable-para-detener-la-emergencia-climatica-en-america-latina\/\" class=\"date-link\"><time class=\"post-date\" datetime=\"2022-09-11T23:01:50-06:00\">11 septiembre, 2022<\/time><\/a>\n\t\t\t\t\n\t\t\n\t<\/div>\t\t\t\t\t\t\n\t\t\t\t\t<\/div>\n\t\t\t\t<\/article>\n\t\t\t\n\t\t\t\t\n\t\t\t\t<article class=\"col-6 small-post cf\">\n\t\t\t\t\t<a href=\"http:\/\/www.andi.hn\/boletin\/el-coi-tendra-en-cuenta-los-derechos-humanos-para-elegir-sedes-olimpicas\/\" class=\"image-link\"><img width=\"87\" height=\"67\" src=\"http:\/\/www.andi.hn\/boletin\/wp-content\/uploads\/2022\/09\/COI-87x67.jpg\" class=\"attachment-cheerup-thumb size-cheerup-thumb wp-post-image\" alt=\"El COI tendr\u00e1 en cuenta los derechos humanos para elegir sedes ol\u00edmpicas\" loading=\"lazy\" title=\"El COI tendr\u00e1 en cuenta los derechos humanos para elegir sedes ol\u00edmpicas\" srcset=\"http:\/\/www.andi.hn\/boletin\/wp-content\/uploads\/2022\/09\/COI-87x67.jpg 87w, http:\/\/www.andi.hn\/boletin\/wp-content\/uploads\/2022\/09\/COI-370x283.jpg 370w, http:\/\/www.andi.hn\/boletin\/wp-content\/uploads\/2022\/09\/COI-260x200.jpg 260w\" sizes=\"(max-width: 87px) 100vw, 87px\" \/>\t\t\t\t\n\t\t\t\t\t<\/a>\n\t\t\t\t\t\n\t\t\t\t\t<div class=\"content\">\n\t\t\t\t\t\t\n\t\t\t\t\t\t<a href=\"http:\/\/www.andi.hn\/boletin\/el-coi-tendra-en-cuenta-los-derechos-humanos-para-elegir-sedes-olimpicas\/\" class=\"post-title\">El COI tendr\u00e1 en cuenta los derechos humanos para elegir sedes ol\u00edmpicas<\/a>\n\t\t\t\t\t\t\n\t\t\t\t\t\t\t<div class=\"post-meta post-meta-a\">\n\t\t\n\t\t\t\t\t\n\t\t\t\t\t<a href=\"http:\/\/www.andi.hn\/boletin\/el-coi-tendra-en-cuenta-los-derechos-humanos-para-elegir-sedes-olimpicas\/\" class=\"date-link\"><time class=\"post-date\" datetime=\"2022-09-09T22:43:16-06:00\">9 septiembre, 2022<\/time><\/a>\n\t\t\t\t\n\t\t\n\t<\/div>\t\t\t\t\t\t\n\t\t\t\t\t<\/div>\n\t\t\t\t<\/article>\n\t\t\t\n\t\t\t\t\n\t\t\t\t<article class=\"col-6 small-post cf\">\n\t\t\t\t\t<a href=\"http:\/\/www.andi.hn\/boletin\/formacion-en-derechos-humanos-para-la-gestion-empresarial-la-nueva-exigencia-del-mercado\/\" class=\"image-link\"><img width=\"87\" height=\"67\" src=\"http:\/\/www.andi.hn\/boletin\/wp-content\/uploads\/2022\/09\/Inter-ico-destinonegocio-gestion-de-recursos-humanos-istock-getty-images-1030x686-1-696x464-1-87x67.jpg\" class=\"attachment-cheerup-thumb size-cheerup-thumb wp-post-image\" alt=\"Formaci\u00f3n en Derechos Humanos para la Gesti\u00f3n Empresarial: La nueva exigencia del mercado\" loading=\"lazy\" title=\"Formaci\u00f3n en Derechos Humanos para la Gesti\u00f3n Empresarial: La nueva exigencia del mercado\" srcset=\"http:\/\/www.andi.hn\/boletin\/wp-content\/uploads\/2022\/09\/Inter-ico-destinonegocio-gestion-de-recursos-humanos-istock-getty-images-1030x686-1-696x464-1-87x67.jpg 87w, http:\/\/www.andi.hn\/boletin\/wp-content\/uploads\/2022\/09\/Inter-ico-destinonegocio-gestion-de-recursos-humanos-istock-getty-images-1030x686-1-696x464-1-370x285.jpg 370w, http:\/\/www.andi.hn\/boletin\/wp-content\/uploads\/2022\/09\/Inter-ico-destinonegocio-gestion-de-recursos-humanos-istock-getty-images-1030x686-1-696x464-1-260x200.jpg 260w\" sizes=\"(max-width: 87px) 100vw, 87px\" \/>\t\t\t\t\n\t\t\t\t\t<\/a>\n\t\t\t\t\t\n\t\t\t\t\t<div class=\"content\">\n\t\t\t\t\t\t\n\t\t\t\t\t\t<a href=\"http:\/\/www.andi.hn\/boletin\/formacion-en-derechos-humanos-para-la-gestion-empresarial-la-nueva-exigencia-del-mercado\/\" class=\"post-title\">Formaci\u00f3n en Derechos Humanos para la Gesti\u00f3n Empresarial: La nueva exigencia del mercado<\/a>\n\t\t\t\t\t\t\n\t\t\t\t\t\t\t<div class=\"post-meta post-meta-a\">\n\t\t\n\t\t\t\t\t\n\t\t\t\t\t<a href=\"http:\/\/www.andi.hn\/boletin\/formacion-en-derechos-humanos-para-la-gestion-empresarial-la-nueva-exigencia-del-mercado\/\" class=\"date-link\"><time class=\"post-date\" datetime=\"2022-09-06T22:41:35-06:00\">6 septiembre, 2022<\/time><\/a>\n\t\t\t\t\n\t\t\n\t<\/div>\t\t\t\t\t\t\n\t\t\t\t\t<\/div>\n\t\t\t\t<\/article>\n\t\t\t\n\t\t\t\t\n\t\t\t\t<article class=\"col-6 small-post cf\">\n\t\t\t\t\t<a href=\"http:\/\/www.andi.hn\/boletin\/latinoamerica-retrocedio-20-anos-en-derechos-humanos-por-covid-dice-experta\/\" class=\"image-link\"><img width=\"87\" height=\"67\" src=\"http:\/\/www.andi.hn\/boletin\/wp-content\/uploads\/2022\/09\/Inter-derechos-humanos-honduras-87x67.jpg\" class=\"attachment-cheerup-thumb size-cheerup-thumb wp-post-image\" alt=\"Latinoam\u00e9rica retrocedi\u00f3 20 a\u00f1os en derechos humanos por covid, dice experta\" loading=\"lazy\" title=\"Latinoam\u00e9rica retrocedi\u00f3 20 a\u00f1os en derechos humanos por covid, dice experta\" srcset=\"http:\/\/www.andi.hn\/boletin\/wp-content\/uploads\/2022\/09\/Inter-derechos-humanos-honduras-87x67.jpg 87w, http:\/\/www.andi.hn\/boletin\/wp-content\/uploads\/2022\/09\/Inter-derechos-humanos-honduras-370x285.jpg 370w, http:\/\/www.andi.hn\/boletin\/wp-content\/uploads\/2022\/09\/Inter-derechos-humanos-honduras-260x200.jpg 260w\" sizes=\"(max-width: 87px) 100vw, 87px\" \/>\t\t\t\t\n\t\t\t\t\t<\/a>\n\t\t\t\t\t\n\t\t\t\t\t<div class=\"content\">\n\t\t\t\t\t\t\n\t\t\t\t\t\t<a href=\"http:\/\/www.andi.hn\/boletin\/latinoamerica-retrocedio-20-anos-en-derechos-humanos-por-covid-dice-experta\/\" class=\"post-title\">Latinoam\u00e9rica retrocedi\u00f3 20 a\u00f1os en derechos humanos por covid, dice experta<\/a>\n\t\t\t\t\t\t\n\t\t\t\t\t\t\t<div class=\"post-meta post-meta-a\">\n\t\t\n\t\t\t\t\t\n\t\t\t\t\t<a href=\"http:\/\/www.andi.hn\/boletin\/latinoamerica-retrocedio-20-anos-en-derechos-humanos-por-covid-dice-experta\/\" class=\"date-link\"><time class=\"post-date\" datetime=\"2022-09-05T22:34:22-06:00\">5 septiembre, 2022<\/time><\/a>\n\t\t\t\t\n\t\t\n\t<\/div>\t\t\t\t\t\t\n\t\t\t\t\t<\/div>\n\t\t\t\t<\/article>\n\t\t\t\n\t\t\t\t\n\t\t\t\t<article class=\"col-6 small-post cf\">\n\t\t\t\t\t<a href=\"http:\/\/www.andi.hn\/boletin\/la-mitad-del-recorrido-a-la-agenda-2030-resultados-y-conclusiones-de-la-consulta-a-empresas-realizada-por-la-red-espanola-de-pacto-mundial\/\" class=\"image-link\"><img width=\"87\" height=\"67\" src=\"http:\/\/www.andi.hn\/boletin\/wp-content\/uploads\/2022\/09\/Boletin-DDHH-2-87x67.jpg\" class=\"attachment-cheerup-thumb size-cheerup-thumb wp-post-image\" alt=\"La mitad del recorrido a la Agenda 2030: resultados y conclusiones de la consulta a empresas realizada por la Red Espa\u00f1ola de Pacto Mundial\" loading=\"lazy\" title=\"La mitad del recorrido a la Agenda 2030: resultados y conclusiones de la consulta a empresas realizada por la Red Espa\u00f1ola de Pacto Mundial\" srcset=\"http:\/\/www.andi.hn\/boletin\/wp-content\/uploads\/2022\/09\/Boletin-DDHH-2-87x67.jpg 87w, http:\/\/www.andi.hn\/boletin\/wp-content\/uploads\/2022\/09\/Boletin-DDHH-2-370x285.jpg 370w, http:\/\/www.andi.hn\/boletin\/wp-content\/uploads\/2022\/09\/Boletin-DDHH-2-260x200.jpg 260w\" sizes=\"(max-width: 87px) 100vw, 87px\" \/>\t\t\t\t\n\t\t\t\t\t<\/a>\n\t\t\t\t\t\n\t\t\t\t\t<div class=\"content\">\n\t\t\t\t\t\t\n\t\t\t\t\t\t<a href=\"http:\/\/www.andi.hn\/boletin\/la-mitad-del-recorrido-a-la-agenda-2030-resultados-y-conclusiones-de-la-consulta-a-empresas-realizada-por-la-red-espanola-de-pacto-mundial\/\" class=\"post-title\">La mitad del recorrido a la Agenda 2030: resultados y conclusiones de la consulta a empresas realizada por la Red Espa\u00f1ola de Pacto Mundial<\/a>\n\t\t\t\t\t\t\n\t\t\t\t\t\t\t<div class=\"post-meta post-meta-a\">\n\t\t\n\t\t\t\t\t\n\t\t\t\t\t<a href=\"http:\/\/www.andi.hn\/boletin\/la-mitad-del-recorrido-a-la-agenda-2030-resultados-y-conclusiones-de-la-consulta-a-empresas-realizada-por-la-red-espanola-de-pacto-mundial\/\" class=\"date-link\"><time class=\"post-date\" datetime=\"2022-08-16T22:56:17-06:00\">16 agosto, 2022<\/time><\/a>\n\t\t\t\t\n\t\t\n\t<\/div>\t\t\t\t\t\t\n\t\t\t\t\t<\/div>\n\t\t\t\t<\/article>\n\t\t\t\n\t\t\t\t\n\t\t\t\t<article class=\"col-6 small-post cf\">\n\t\t\t\t\t<a href=\"http:\/\/www.andi.hn\/boletin\/derechos-humanos-y-empresas-pautas-para-la-proxima-decada\/\" class=\"image-link\"><img width=\"87\" height=\"67\" src=\"http:\/\/www.andi.hn\/boletin\/wp-content\/uploads\/2022\/08\/Derechos-humanos-y-empresas-pautas-para-la-proxima-decada-87x67.jpg\" class=\"attachment-cheerup-thumb size-cheerup-thumb wp-post-image\" alt=\"Derechos humanos y empresas: pautas para la pr\u00f3xima d\u00e9cada\" loading=\"lazy\" title=\"Derechos humanos y empresas: pautas para la pr\u00f3xima d\u00e9cada\" srcset=\"http:\/\/www.andi.hn\/boletin\/wp-content\/uploads\/2022\/08\/Derechos-humanos-y-empresas-pautas-para-la-proxima-decada-87x67.jpg 87w, http:\/\/www.andi.hn\/boletin\/wp-content\/uploads\/2022\/08\/Derechos-humanos-y-empresas-pautas-para-la-proxima-decada-370x285.jpg 370w, http:\/\/www.andi.hn\/boletin\/wp-content\/uploads\/2022\/08\/Derechos-humanos-y-empresas-pautas-para-la-proxima-decada-260x200.jpg 260w\" sizes=\"(max-width: 87px) 100vw, 87px\" \/>\t\t\t\t\n\t\t\t\t\t<\/a>\n\t\t\t\t\t\n\t\t\t\t\t<div class=\"content\">\n\t\t\t\t\t\t\n\t\t\t\t\t\t<a href=\"http:\/\/www.andi.hn\/boletin\/derechos-humanos-y-empresas-pautas-para-la-proxima-decada\/\" class=\"post-title\">Derechos humanos y empresas: pautas para la pr\u00f3xima d\u00e9cada<\/a>\n\t\t\t\t\t\t\n\t\t\t\t\t\t\t<div class=\"post-meta post-meta-a\">\n\t\t\n\t\t\t\t\t\n\t\t\t\t\t<a href=\"http:\/\/www.andi.hn\/boletin\/derechos-humanos-y-empresas-pautas-para-la-proxima-decada\/\" class=\"date-link\"><time class=\"post-date\" datetime=\"2022-08-11T12:30:46-06:00\">11 agosto, 2022<\/time><\/a>\n\t\t\t\t\n\t\t\n\t<\/div>\t\t\t\t\t\t\n\t\t\t\t\t<\/div>\n\t\t\t\t<\/article>\n\t\t\t\n\t\t\t\n\t\t\t<\/div>\n\t\t<\/div>\n\t\n\t<\/div> <!-- .block-content -->\n\t\n<\/section>\n\t\n[\/vc_column][\/vc_row]<\/p>\n","protected":false},"excerpt":{"rendered":"<p>[vc_row][vc_column][vc_column_text] Noticias internacionales [\/vc_column_text][\/vc_column][\/vc_row][vc_row][vc_column][\/vc_column][\/vc_row]<\/p>\n","protected":false},"author":2,"featured_media":0,"parent":0,"menu_order":0,"comment_status":"closed","ping_status":"closed","template":"page-blocks.php","meta":[],"yoast_head":"<!-- This site is optimized with the Yoast SEO plugin v18.1 - https:\/\/yoast.com\/wordpress\/plugins\/seo\/ -->\n<title>Noticias internacionales &raquo; ANDI<\/title>\n<meta name=\"robots\" content=\"index, follow, max-snippet:-1, max-image-preview:large, max-video-preview:-1\" \/>\n<link rel=\"canonical\" href=\"https:\/\/www.andi.hn\/boletin\/noticias-internacionales\/\" \/>\n<meta property=\"og:locale\" content=\"es_ES\" \/>\n<meta property=\"og:type\" content=\"article\" \/>\n<meta property=\"og:title\" content=\"Noticias internacionales &raquo; ANDI\" \/>\n<meta property=\"og:description\" content=\"[vc_row][vc_column][vc_column_text] Noticias internacionales [\/vc_column_text][\/vc_column][\/vc_row][vc_row][vc_column][\/vc_column][\/vc_row]\" \/>\n<meta property=\"og:url\" content=\"https:\/\/www.andi.hn\/boletin\/noticias-internacionales\/\" \/>\n<meta property=\"og:site_name\" content=\"ANDI\" \/>\n<meta property=\"article:modified_time\" content=\"2022-08-16T00:06:29+00:00\" \/>\n<meta name=\"twitter:card\" content=\"summary_large_image\" \/>\n<meta name=\"twitter:label1\" content=\"Tiempo de lectura\" \/>\n\t<meta name=\"twitter:data1\" content=\"1 minuto\" \/>\n<script type=\"application\/ld+json\" class=\"yoast-schema-graph\">{\"@context\":\"https:\/\/schema.org\",\"@graph\":[{\"@type\":\"Organization\",\"@id\":\"http:\/\/www.andi.hn\/boletin\/#organization\",\"name\":\"Bolet\u00edn Industrial de Derechos Humanos\",\"url\":\"http:\/\/www.andi.hn\/boletin\/\",\"sameAs\":[],\"logo\":{\"@type\":\"ImageObject\",\"@id\":\"http:\/\/www.andi.hn\/boletin\/#logo\",\"inLanguage\":\"es\",\"url\":\"http:\/\/www.andi.hn\/boletin\/wp-content\/uploads\/2019\/04\/andi.png\",\"contentUrl\":\"http:\/\/www.andi.hn\/boletin\/wp-content\/uploads\/2019\/04\/andi.png\",\"width\":600,\"height\":315,\"caption\":\"Bolet\u00edn Industrial de Derechos Humanos\"},\"image\":{\"@id\":\"http:\/\/www.andi.hn\/boletin\/#logo\"}},{\"@type\":\"WebSite\",\"@id\":\"http:\/\/www.andi.hn\/boletin\/#website\",\"url\":\"http:\/\/www.andi.hn\/boletin\/\",\"name\":\"ANDI\",\"description\":\"Bolet\u00edn de Derechos Humanos\",\"publisher\":{\"@id\":\"http:\/\/www.andi.hn\/boletin\/#organization\"},\"potentialAction\":[{\"@type\":\"SearchAction\",\"target\":{\"@type\":\"EntryPoint\",\"urlTemplate\":\"http:\/\/www.andi.hn\/boletin\/?s={search_term_string}\"},\"query-input\":\"required name=search_term_string\"}],\"inLanguage\":\"es\"},{\"@type\":\"WebPage\",\"@id\":\"https:\/\/www.andi.hn\/boletin\/noticias-internacionales\/#webpage\",\"url\":\"https:\/\/www.andi.hn\/boletin\/noticias-internacionales\/\",\"name\":\"Noticias internacionales &raquo; ANDI\",\"isPartOf\":{\"@id\":\"http:\/\/www.andi.hn\/boletin\/#website\"},\"datePublished\":\"2022-08-11T18:34:02+00:00\",\"dateModified\":\"2022-08-16T00:06:29+00:00\",\"breadcrumb\":{\"@id\":\"https:\/\/www.andi.hn\/boletin\/noticias-internacionales\/#breadcrumb\"},\"inLanguage\":\"es\",\"potentialAction\":[{\"@type\":\"ReadAction\",\"target\":[\"https:\/\/www.andi.hn\/boletin\/noticias-internacionales\/\"]}]},{\"@type\":\"BreadcrumbList\",\"@id\":\"https:\/\/www.andi.hn\/boletin\/noticias-internacionales\/#breadcrumb\",\"itemListElement\":[{\"@type\":\"ListItem\",\"position\":1,\"name\":\"Portada\",\"item\":\"http:\/\/www.andi.hn\/boletin\/\"},{\"@type\":\"ListItem\",\"position\":2,\"name\":\"Noticias internacionales\"}]}]}<\/script>\n<!-- \/ Yoast SEO plugin. -->","yoast_head_json":{"title":"Noticias internacionales &raquo; ANDI","robots":{"index":"index","follow":"follow","max-snippet":"max-snippet:-1","max-image-preview":"max-image-preview:large","max-video-preview":"max-video-preview:-1"},"canonical":"https:\/\/www.andi.hn\/boletin\/noticias-internacionales\/","og_locale":"es_ES","og_type":"article","og_title":"Noticias internacionales &raquo; ANDI","og_description":"[vc_row][vc_column][vc_column_text] Noticias internacionales [\/vc_column_text][\/vc_column][\/vc_row][vc_row][vc_column][\/vc_column][\/vc_row]","og_url":"https:\/\/www.andi.hn\/boletin\/noticias-internacionales\/","og_site_name":"ANDI","article_modified_time":"2022-08-16T00:06:29+00:00","twitter_card":"summary_large_image","twitter_misc":{"Tiempo de lectura":"1 minuto"},"schema":{"@context":"https:\/\/schema.org","@graph":[{"@type":"Organization","@id":"http:\/\/www.andi.hn\/boletin\/#organization","name":"Bolet\u00edn Industrial de Derechos Humanos","url":"http:\/\/www.andi.hn\/boletin\/","sameAs":[],"logo":{"@type":"ImageObject","@id":"http:\/\/www.andi.hn\/boletin\/#logo","inLanguage":"es","url":"http:\/\/www.andi.hn\/boletin\/wp-content\/uploads\/2019\/04\/andi.png","contentUrl":"http:\/\/www.andi.hn\/boletin\/wp-content\/uploads\/2019\/04\/andi.png","width":600,"height":315,"caption":"Bolet\u00edn Industrial de Derechos Humanos"},"image":{"@id":"http:\/\/www.andi.hn\/boletin\/#logo"}},{"@type":"WebSite","@id":"http:\/\/www.andi.hn\/boletin\/#website","url":"http:\/\/www.andi.hn\/boletin\/","name":"ANDI","description":"Bolet\u00edn de Derechos Humanos","publisher":{"@id":"http:\/\/www.andi.hn\/boletin\/#organization"},"potentialAction":[{"@type":"SearchAction","target":{"@type":"EntryPoint","urlTemplate":"http:\/\/www.andi.hn\/boletin\/?s={search_term_string}"},"query-input":"required name=search_term_string"}],"inLanguage":"es"},{"@type":"WebPage","@id":"https:\/\/www.andi.hn\/boletin\/noticias-internacionales\/#webpage","url":"https:\/\/www.andi.hn\/boletin\/noticias-internacionales\/","name":"Noticias internacionales &raquo; ANDI","isPartOf":{"@id":"http:\/\/www.andi.hn\/boletin\/#website"},"datePublished":"2022-08-11T18:34:02+00:00","dateModified":"2022-08-16T00:06:29+00:00","breadcrumb":{"@id":"https:\/\/www.andi.hn\/boletin\/noticias-internacionales\/#breadcrumb"},"inLanguage":"es","potentialAction":[{"@type":"ReadAction","target":["https:\/\/www.andi.hn\/boletin\/noticias-internacionales\/"]}]},{"@type":"BreadcrumbList","@id":"https:\/\/www.andi.hn\/boletin\/noticias-internacionales\/#breadcrumb","itemListElement":[{"@type":"ListItem","position":1,"name":"Portada","item":"http:\/\/www.andi.hn\/boletin\/"},{"@type":"ListItem","position":2,"name":"Noticias internacionales"}]}]}},"_links":{"self":[{"href":"http:\/\/www.andi.hn\/boletin\/wp-json\/wp\/v2\/pages\/2356"}],"collection":[{"href":"http:\/\/www.andi.hn\/boletin\/wp-json\/wp\/v2\/pages"}],"about":[{"href":"http:\/\/www.andi.hn\/boletin\/wp-json\/wp\/v2\/types\/page"}],"author":[{"embeddable":true,"href":"http:\/\/www.andi.hn\/boletin\/wp-json\/wp\/v2\/users\/2"}],"replies":[{"embeddable":true,"href":"http:\/\/www.andi.hn\/boletin\/wp-json\/wp\/v2\/comments?post=2356"}],"version-history":[{"count":5,"href":"http:\/\/www.andi.hn\/boletin\/wp-json\/wp\/v2\/pages\/2356\/revisions"}],"predecessor-version":[{"id":2466,"href":"http:\/\/www.andi.hn\/boletin\/wp-json\/wp\/v2\/pages\/2356\/revisions\/2466"}],"wp:attachment":[{"href":"http:\/\/www.andi.hn\/boletin\/wp-json\/wp\/v2\/media?parent=2356"}],"curies":[{"name":"wp","href":"https:\/\/api.w.org\/{rel}","templated":true}]}}